{"id":1370,"date":"2020-02-24T13:56:52","date_gmt":"2020-02-24T13:56:52","guid":{"rendered":"https:\/\/ld-wp73.template-help.com\/wordpress\/prod_803\/v3\/?page_id=1370"},"modified":"2024-02-11T19:34:27","modified_gmt":"2024-02-11T17:34:27","slug":"kapcsolat","status":"publish","type":"page","link":"https:\/\/calmresort.hu\/en\/contact\/","title":{"rendered":"Contact"},"content":{"rendered":"<div data-elementor-type=\"wp-page\" data-elementor-id=\"1370\" class=\"elementor elementor-1370\" data-elementor-post-type=\"page\">\n\t\t\t\t\t\t<section class=\"elementor-section elementor-top-section elementor-element elementor-element-c37925b elementor-section-boxed elementor-section-height-default elementor-section-height-default\" data-id=\"c37925b\" data-element_type=\"section\" data-settings=\"{&quot;jet_parallax_layout_list&quot;:[{&quot;_id&quot;:&quot;a9633c6&quot;,&quot;jet_parallax_layout_image&quot;:{&quot;url&quot;:&quot;&quot;,&quot;id&quot;:&quot;&quot;,&quot;size&quot;:&quot;&quot;},&quot;jet_parallax_layout_image_tablet&quot;:{&quot;url&quot;:&quot;&quot;,&quot;id&quot;:&quot;&quot;,&quot;size&quot;:&quot;&quot;},&quot;jet_parallax_layout_image_mobile&quot;:{&quot;url&quot;:&quot;&quot;,&quot;id&quot;:&quot;&quot;,&quot;size&quot;:&quot;&quot;},&quot;jet_parallax_layout_speed&quot;:{&quot;unit&quot;:&quot;%&quot;,&quot;size&quot;:50,&quot;sizes&quot;:[]},&quot;jet_parallax_layout_type&quot;:&quot;scroll&quot;,&quot;jet_parallax_layout_direction&quot;:null,&quot;jet_parallax_layout_fx_direction&quot;:null,&quot;jet_parallax_layout_z_index&quot;:&quot;&quot;,&quot;jet_parallax_layout_bg_x&quot;:50,&quot;jet_parallax_layout_bg_x_tablet&quot;:&quot;&quot;,&quot;jet_parallax_layout_bg_x_mobile&quot;:&quot;&quot;,&quot;jet_parallax_layout_bg_y&quot;:50,&quot;jet_parallax_layout_bg_y_tablet&quot;:&quot;&quot;,&quot;jet_parallax_layout_bg_y_mobile&quot;:&quot;&quot;,&quot;jet_parallax_layout_bg_size&quot;:&quot;auto&quot;,&quot;jet_parallax_layout_bg_size_tablet&quot;:&quot;&quot;,&quot;jet_parallax_layout_bg_size_mobile&quot;:&quot;&quot;,&quot;jet_parallax_layout_animation_prop&quot;:&quot;transform&quot;,&quot;jet_parallax_layout_on&quot;:[&quot;desktop&quot;,&quot;tablet&quot;]}]}\">\n\t\t\t\t\t\t<div class=\"elementor-container elementor-column-gap-default\">\n\t\t\t\t\t<div class=\"elementor-column elementor-col-50 elementor-top-column elementor-element elementor-element-6a176feb\" data-id=\"6a176feb\" data-element_type=\"column\">\n\t\t\t<div class=\"elementor-widget-wrap elementor-element-populated\">\n\t\t\t\t\t\t<div class=\"elementor-element elementor-element-5c738189 elementor-widget elementor-widget-heading\" data-id=\"5c738189\" data-element_type=\"widget\" data-widget_type=\"heading.default\">\n\t\t\t\t<div class=\"elementor-widget-container\">\n\t\t\t\t\t<h1 class=\"elementor-heading-title elementor-size-default\">Contact<\/h1>\t\t\t\t<\/div>\n\t\t\t\t<\/div>\n\t\t\t\t<div class=\"jet-satellite-widget elementor-element elementor-element-7dd7953d elementor-widget elementor-widget-heading\" data-jet-tricks-settings=\"{&quot;satellite&quot;:&quot;true&quot;,&quot;satelliteType&quot;:&quot;icon&quot;,&quot;satellitePosition&quot;:&quot;middle-left&quot;}\" data-id=\"7dd7953d\" data-element_type=\"widget\" data-widget_type=\"heading.default\">\n\t\t\t\t<div class=\"elementor-widget-container\">\n\t\t\t\t\t<div class=\"jet-tricks-satellite jet-tricks-satellite--middle-left\"><div class=\"jet-tricks-satellite__inner\"><div class=\"jet-tricks-satellite__icon\"><div class=\"jet-tricks-satellite__icon-instance jet-tricks-icon\"><i aria-hidden=\"true\" class=\"fas fa-plus\"><\/i><\/div><\/div><\/div><\/div><p class=\"elementor-heading-title elementor-size-default\">Hungary, Baranya megye<\/p>\t\t\t\t<\/div>\n\t\t\t\t<\/div>\n\t\t\t\t<div class=\"elementor-element elementor-element-4c90aac0 elementor-widget elementor-widget-text-editor\" data-id=\"4c90aac0\" data-element_type=\"widget\" data-widget_type=\"text-editor.default\">\n\t\t\t\t<div class=\"elementor-widget-container\">\n\t\t\t\t\t\t\t\t\t<p>H-7394 Magyarhertelend, P\u00e1fr\u00e1ny str. 13.<\/p>\t\t\t\t\t\t\t\t<\/div>\n\t\t\t\t<\/div>\n\t\t\t\t<div class=\"jet-satellite-widget elementor-element elementor-element-248c0f6f elementor-widget elementor-widget-heading\" data-jet-tricks-settings=\"{&quot;satellite&quot;:&quot;true&quot;,&quot;satelliteType&quot;:&quot;icon&quot;,&quot;satellitePosition&quot;:&quot;middle-left&quot;}\" data-id=\"248c0f6f\" data-element_type=\"widget\" data-widget_type=\"heading.default\">\n\t\t\t\t<div class=\"elementor-widget-container\">\n\t\t\t\t\t<div class=\"jet-tricks-satellite jet-tricks-satellite--middle-left\"><div class=\"jet-tricks-satellite__inner\"><div class=\"jet-tricks-satellite__icon\"><div class=\"jet-tricks-satellite__icon-instance jet-tricks-icon\"><i aria-hidden=\"true\" class=\"fas fa-plus\"><\/i><\/div><\/div><\/div><\/div><p class=\"elementor-heading-title elementor-size-default\">Booking<\/p>\t\t\t\t<\/div>\n\t\t\t\t<\/div>\n\t\t\t\t<div class=\"elementor-element elementor-element-6fce365 elementor-widget__width-auto elementor-widget elementor-widget-heading\" data-id=\"6fce365\" data-element_type=\"widget\" data-widget_type=\"heading.default\">\n\t\t\t\t<div class=\"elementor-widget-container\">\n\t\t\t\t\t<div class=\"elementor-heading-title elementor-size-default\">Email:<\/div>\t\t\t\t<\/div>\n\t\t\t\t<\/div>\n\t\t\t\t<div class=\"elementor-element elementor-element-491ad0d elementor-widget__width-auto elementor-widget elementor-widget-button\" data-id=\"491ad0d\" data-element_type=\"widget\" data-widget_type=\"button.default\">\n\t\t\t\t<div class=\"elementor-widget-container\">\n\t\t\t\t\t\t\t\t\t<div class=\"elementor-button-wrapper\">\n\t\t\t\t\t<a class=\"elementor-button elementor-button-link elementor-size-sm\" href=\"mailto:booking@calmresort.hu\">\n\t\t\t\t\t\t<span class=\"elementor-button-content-wrapper\">\n\t\t\t\t\t\t\t\t\t<span class=\"elementor-button-text\">booking@calmresort.hu<\/span>\n\t\t\t\t\t<\/span>\n\t\t\t\t\t<\/a>\n\t\t\t\t<\/div>\n\t\t\t\t\t\t\t\t<\/div>\n\t\t\t\t<\/div>\n\t\t\t\t<div class=\"elementor-element elementor-element-4d263a0 elementor-widget elementor-widget-jet-button\" data-id=\"4d263a0\" data-element_type=\"widget\" data-widget_type=\"jet-button.default\">\n\t\t\t\t<div class=\"elementor-widget-container\">\n\t\t\t\t\t<div class=\"elementor-jet-button jet-elements\"><div class=\"jet-button__container\">\n\t<a class=\"jet-button__instance jet-button__instance--icon-left hover-effect-0\" href=\"tel:+36%2030%20471%201373\">\n\t\t<div class=\"jet-button__plane jet-button__plane-normal\"><\/div>\n\t\t<div class=\"jet-button__plane jet-button__plane-hover\"><\/div>\n\t\t<div class=\"jet-button__state jet-button__state-normal\">\n\t\t\t<span class=\"jet-button__icon jet-elements-icon\"><svg xmlns=\"http:\/\/www.w3.org\/2000\/svg\" width=\"32\" height=\"32\" viewbox=\"0 0 32 32\"><path d=\"M2 17h13v13c0 0.553 0.447 1 1 1s1-0.447 1-1v-13h13c0.553 0 1-0.447 1-1s-0.447-1-1-1h-13v-13c0-0.553-0.447-1-1-1s-1 0.447-1 1v13h-13c-0.553 0-1 0.447-1 1s0.447 1 1 1z\"><\/path><\/svg><\/span><span class=\"jet-button__label\">36 30 471 1373<\/span>\t\t<\/div>\n\t\t<div class=\"jet-button__state jet-button__state-hover\">\n\t\t\t<span class=\"jet-button__icon jet-elements-icon\"><svg xmlns=\"http:\/\/www.w3.org\/2000\/svg\" width=\"32\" height=\"32\" viewbox=\"0 0 32 32\"><path d=\"M2 17h13v13c0 0.553 0.447 1 1 1s1-0.447 1-1v-13h13c0.553 0 1-0.447 1-1s-0.447-1-1-1h-13v-13c0-0.553-0.447-1-1-1s-1 0.447-1 1v13h-13c-0.553 0-1 0.447-1 1s0.447 1 1 1z\"><\/path><\/svg><\/span><span class=\"jet-button__label\">36 30 471 1373<\/span>\t\t<\/div>\n\t<\/a>\n<\/div>\n<\/div>\t\t\t\t<\/div>\n\t\t\t\t<\/div>\n\t\t\t\t<div class=\"elementor-element elementor-element-44d5c1ca elementor-widget elementor-widget-text-editor\" data-id=\"44d5c1ca\" data-element_type=\"widget\" data-widget_type=\"text-editor.default\">\n\t\t\t\t<div class=\"elementor-widget-container\">\n\t\t\t\t\t\t\t\t\t<p>You can call between 08:00 and 22:00<\/p>\t\t\t\t\t\t\t\t<\/div>\n\t\t\t\t<\/div>\n\t\t\t\t\t<\/div>\n\t\t<\/div>\n\t\t\t\t<div class=\"elementor-column elementor-col-50 elementor-top-column elementor-element elementor-element-4dd7c750\" data-id=\"4dd7c750\" data-element_type=\"column\">\n\t\t\t<div class=\"elementor-widget-wrap elementor-element-populated\">\n\t\t\t\t\t\t<div class=\"elementor-element elementor-element-5eae18d elementor-widget elementor-widget-google_maps\" data-id=\"5eae18d\" data-element_type=\"widget\" data-widget_type=\"google_maps.default\">\n\t\t\t\t<div class=\"elementor-widget-container\">\n\t\t\t\t\t\t\t<div class=\"elementor-custom-embed\">\n\t\t\t<iframe loading=\"lazy\"\n\t\t\t\t\tsrc=\"https:\/\/maps.google.com\/maps?q=7394%20Magarhertelend%2C%20P%C3%A1fr%C3%A1ny%20u.%2013.&#038;t=m&#038;z=10&#038;output=embed&#038;iwloc=near\"\n\t\t\t\t\ttitle=\"7394 Magarhertelend, P\u00e1fr\u00e1ny u. 13.\"\n\t\t\t\t\taria-label=\"7394 Magarhertelend, P\u00e1fr\u00e1ny u. 13.\"\n\t\t\t><\/iframe>\n\t\t<\/div>\n\t\t\t\t\t\t<\/div>\n\t\t\t\t<\/div>\n\t\t\t\t\t<\/div>\n\t\t<\/div>\n\t\t\t\t\t<\/div>\n\t\t<\/section>\n\t\t\t\t<\/div>","protected":false},"excerpt":{"rendered":"<p>Kapcsolat Hungary, Baranya megye 7394 Magyarhertelend, P\u00e1fr\u00e1ny u. 13. Foglal\u00e1s Email: booking@calmresort.hu 36 30 471 1373 36 30 471 1373 08-22 \u00f3r\u00e1ig h\u00edvhat\u00f3<\/p>","protected":false},"author":1,"featured_media":0,"parent":0,"menu_order":0,"comment_status":"closed","ping_status":"closed","template":"elementor_header_footer","meta":{"_monsterinsights_skip_tracking":false,"_monsterinsights_sitenote_active":false,"_monsterinsights_sitenote_note":"","_monsterinsights_sitenote_category":0,"footnotes":""},"class_list":["post-1370","page","type-page","status-publish","hentry"],"yoast_head":"<!-- This site is optimized with the Yoast SEO Premium plugin v24.4 (Yoast SEO v24.4) - https:\/\/yoast.com\/wordpress\/plugins\/seo\/ -->\n<title>Kapcsolat | Calm Resort Hertelend<\/title>\n<meta name=\"description\" content=\"Kapcsolat a Calm REsort Hertelend wellness apartmannsz\u00e1ll\u00e1shoz. N\u00e9zze meg, hol tal\u00e1l minket \u00e9s j\u00f6jj\u00f6n el hozz\u00e1nk!\" \/>\n<meta name=\"robots\" content=\"index, follow, max-snippet:-1, max-image-preview:large, max-video-preview:-1\" \/>\n<link rel=\"canonical\" href=\"https:\/\/calmresort.hu\/en\/contact\/\" \/>\n<meta property=\"og:locale\" content=\"en_US\" \/>\n<meta property=\"og:type\" content=\"article\" \/>\n<meta property=\"og:title\" content=\"Kapcsolat\" \/>\n<meta property=\"og:description\" content=\"Kapcsolat a Calm REsort Hertelend wellness apartmannsz\u00e1ll\u00e1shoz. N\u00e9zze meg, hol tal\u00e1l minket \u00e9s j\u00f6jj\u00f6n el hozz\u00e1nk!\" \/>\n<meta property=\"og:url\" content=\"https:\/\/calmresort.hu\/en\/contact\/\" \/>\n<meta property=\"og:site_name\" content=\"Calm Resort Hertelend\" \/>\n<meta property=\"article:publisher\" content=\"https:\/\/www.facebook.com\/CalmResortHertelend\" \/>\n<meta property=\"article:modified_time\" content=\"2024-02-11T17:34:27+00:00\" \/>\n<meta property=\"og:image\" content=\"https:\/\/calmresort.hu\/wp-content\/uploads\/2023\/09\/CR_Logo2.webp\" \/>\n\t<meta property=\"og:image:width\" content=\"1000\" \/>\n\t<meta property=\"og:image:height\" content=\"1000\" \/>\n\t<meta property=\"og:image:type\" content=\"image\/webp\" \/>\n<meta name=\"twitter:card\" content=\"summary_large_image\" \/>\n<meta name=\"twitter:label1\" content=\"Est. reading time\" \/>\n\t<meta name=\"twitter:data1\" content=\"1 minute\" \/>\n<script type=\"application\/ld+json\" class=\"yoast-schema-graph\">{\"@context\":\"https:\/\/schema.org\",\"@graph\":[{\"@type\":\"WebPage\",\"@id\":\"https:\/\/calmresort.hu\/kapcsolat\/\",\"url\":\"https:\/\/calmresort.hu\/kapcsolat\/\",\"name\":\"Kapcsolat | Calm Resort Hertelend\",\"isPartOf\":{\"@id\":\"https:\/\/calmresort.hu\/#website\"},\"datePublished\":\"2020-02-24T13:56:52+00:00\",\"dateModified\":\"2024-02-11T17:34:27+00:00\",\"description\":\"Kapcsolat a Calm REsort Hertelend wellness apartmannsz\u00e1ll\u00e1shoz. N\u00e9zze meg, hol tal\u00e1l minket \u00e9s j\u00f6jj\u00f6n el hozz\u00e1nk!\",\"breadcrumb\":{\"@id\":\"https:\/\/calmresort.hu\/kapcsolat\/#breadcrumb\"},\"inLanguage\":\"en-US\",\"potentialAction\":[{\"@type\":\"ReadAction\",\"target\":[\"https:\/\/calmresort.hu\/kapcsolat\/\"]}]},{\"@type\":\"BreadcrumbList\",\"@id\":\"https:\/\/calmresort.hu\/kapcsolat\/#breadcrumb\",\"itemListElement\":[{\"@type\":\"ListItem\",\"position\":1,\"name\":\"Kezd\u0151lap\",\"item\":\"https:\/\/calmresort.hu\/\"},{\"@type\":\"ListItem\",\"position\":2,\"name\":\"Kapcsolat\"}]},{\"@type\":\"WebSite\",\"@id\":\"https:\/\/calmresort.hu\/#website\",\"url\":\"https:\/\/calmresort.hu\/\",\"name\":\"Calm Resort Hertelend\",\"description\":\"Erd\u0151sz\u00e9li nyugalom \u00e9s wellness a Mecsek l\u00e1b\u00e1n\u00e1l.\",\"publisher\":{\"@id\":\"https:\/\/calmresort.hu\/#organization\"},\"alternateName\":\"Csal\u00e1di apartmanok\",\"potentialAction\":[{\"@type\":\"SearchAction\",\"target\":{\"@type\":\"EntryPoint\",\"urlTemplate\":\"https:\/\/calmresort.hu\/?s={search_term_string}\"},\"query-input\":{\"@type\":\"PropertyValueSpecification\",\"valueRequired\":true,\"valueName\":\"search_term_string\"}}],\"inLanguage\":\"en-US\"},{\"@type\":\"Organization\",\"@id\":\"https:\/\/calmresort.hu\/#organization\",\"name\":\"Calm Resort Hertelend\",\"url\":\"https:\/\/calmresort.hu\/\",\"logo\":{\"@type\":\"ImageObject\",\"inLanguage\":\"en-US\",\"@id\":\"https:\/\/calmresort.hu\/#\/schema\/logo\/image\/\",\"url\":\"https:\/\/calmresort.hu\/wp-content\/uploads\/2024\/01\/CR_Logo2.png\",\"contentUrl\":\"https:\/\/calmresort.hu\/wp-content\/uploads\/2024\/01\/CR_Logo2.png\",\"width\":1000,\"height\":1000,\"caption\":\"Calm Resort Hertelend\"},\"image\":{\"@id\":\"https:\/\/calmresort.hu\/#\/schema\/logo\/image\/\"},\"sameAs\":[\"https:\/\/www.facebook.com\/CalmResortHertelend\",\"https:\/\/www.instagram.com\/calmresorthertelend\/\"],\"publishingPrinciples\":\"https:\/\/calmresort.hu\/informaciok\/hazirend\/\",\"ownershipFundingInfo\":\"https:\/\/calmresort.hu\/informaciok\/\",\"actionableFeedbackPolicy\":\"https:\/\/calmresort.hu\/altalanos-szerzodesi-feltetelek\/\"}]}<\/script>\n<!-- \/ Yoast SEO Premium plugin. -->","yoast_head_json":{"title":"Kapcsolat | Calm Resort Hertelend","description":"Kapcsolat a Calm REsort Hertelend wellness apartmannsz\u00e1ll\u00e1shoz. N\u00e9zze meg, hol tal\u00e1l minket \u00e9s j\u00f6jj\u00f6n el hozz\u00e1nk!","robots":{"index":"index","follow":"follow","max-snippet":"max-snippet:-1","max-image-preview":"max-image-preview:large","max-video-preview":"max-video-preview:-1"},"canonical":"https:\/\/calmresort.hu\/en\/contact\/","og_locale":"en_US","og_type":"article","og_title":"Kapcsolat","og_description":"Kapcsolat a Calm REsort Hertelend wellness apartmannsz\u00e1ll\u00e1shoz. N\u00e9zze meg, hol tal\u00e1l minket \u00e9s j\u00f6jj\u00f6n el hozz\u00e1nk!","og_url":"https:\/\/calmresort.hu\/en\/contact\/","og_site_name":"Calm Resort Hertelend","article_publisher":"https:\/\/www.facebook.com\/CalmResortHertelend","article_modified_time":"2024-02-11T17:34:27+00:00","og_image":[{"width":1000,"height":1000,"url":"https:\/\/calmresort.hu\/wp-content\/uploads\/2023\/09\/CR_Logo2.webp","type":"image\/webp"}],"twitter_card":"summary_large_image","twitter_misc":{"Est. reading time":"1 minute"},"schema":{"@context":"https:\/\/schema.org","@graph":[{"@type":"WebPage","@id":"https:\/\/calmresort.hu\/kapcsolat\/","url":"https:\/\/calmresort.hu\/kapcsolat\/","name":"Kapcsolat | Calm Resort Hertelend","isPartOf":{"@id":"https:\/\/calmresort.hu\/#website"},"datePublished":"2020-02-24T13:56:52+00:00","dateModified":"2024-02-11T17:34:27+00:00","description":"Kapcsolat a Calm REsort Hertelend wellness apartmannsz\u00e1ll\u00e1shoz. N\u00e9zze meg, hol tal\u00e1l minket \u00e9s j\u00f6jj\u00f6n el hozz\u00e1nk!","breadcrumb":{"@id":"https:\/\/calmresort.hu\/kapcsolat\/#breadcrumb"},"inLanguage":"en-US","potentialAction":[{"@type":"ReadAction","target":["https:\/\/calmresort.hu\/kapcsolat\/"]}]},{"@type":"BreadcrumbList","@id":"https:\/\/calmresort.hu\/kapcsolat\/#breadcrumb","itemListElement":[{"@type":"ListItem","position":1,"name":"Kezd\u0151lap","item":"https:\/\/calmresort.hu\/"},{"@type":"ListItem","position":2,"name":"Kapcsolat"}]},{"@type":"WebSite","@id":"https:\/\/calmresort.hu\/#website","url":"https:\/\/calmresort.hu\/","name":"Calm Resort Hertelend","description":"Erd\u0151sz\u00e9li nyugalom \u00e9s wellness a Mecsek l\u00e1b\u00e1n\u00e1l.","publisher":{"@id":"https:\/\/calmresort.hu\/#organization"},"alternateName":"Csal\u00e1di apartmanok","potentialAction":[{"@type":"SearchAction","target":{"@type":"EntryPoint","urlTemplate":"https:\/\/calmresort.hu\/?s={search_term_string}"},"query-input":{"@type":"PropertyValueSpecification","valueRequired":true,"valueName":"search_term_string"}}],"inLanguage":"en-US"},{"@type":"Organization","@id":"https:\/\/calmresort.hu\/#organization","name":"Calm Resort Hertelend","url":"https:\/\/calmresort.hu\/","logo":{"@type":"ImageObject","inLanguage":"en-US","@id":"https:\/\/calmresort.hu\/#\/schema\/logo\/image\/","url":"https:\/\/calmresort.hu\/wp-content\/uploads\/2024\/01\/CR_Logo2.png","contentUrl":"https:\/\/calmresort.hu\/wp-content\/uploads\/2024\/01\/CR_Logo2.png","width":1000,"height":1000,"caption":"Calm Resort Hertelend"},"image":{"@id":"https:\/\/calmresort.hu\/#\/schema\/logo\/image\/"},"sameAs":["https:\/\/www.facebook.com\/CalmResortHertelend","https:\/\/www.instagram.com\/calmresorthertelend\/"],"publishingPrinciples":"https:\/\/calmresort.hu\/informaciok\/hazirend\/","ownershipFundingInfo":"https:\/\/calmresort.hu\/informaciok\/","actionableFeedbackPolicy":"https:\/\/calmresort.hu\/altalanos-szerzodesi-feltetelek\/"}]}},"_links":{"self":[{"href":"https:\/\/calmresort.hu\/en\/wp-json\/wp\/v2\/pages\/1370","targetHints":{"allow":["GET"]}}],"collection":[{"href":"https:\/\/calmresort.hu\/en\/wp-json\/wp\/v2\/pages"}],"about":[{"href":"https:\/\/calmresort.hu\/en\/wp-json\/wp\/v2\/types\/page"}],"author":[{"embeddable":true,"href":"https:\/\/calmresort.hu\/en\/wp-json\/wp\/v2\/users\/1"}],"replies":[{"embeddable":true,"href":"https:\/\/calmresort.hu\/en\/wp-json\/wp\/v2\/comments?post=1370"}],"version-history":[{"count":17,"href":"https:\/\/calmresort.hu\/en\/wp-json\/wp\/v2\/pages\/1370\/revisions"}],"predecessor-version":[{"id":3081,"href":"https:\/\/calmresort.hu\/en\/wp-json\/wp\/v2\/pages\/1370\/revisions\/3081"}],"wp:attachment":[{"href":"https:\/\/calmresort.hu\/en\/wp-json\/wp\/v2\/media?parent=1370"}],"curies":[{"name":"wp","href":"https:\/\/api.w.org\/{rel}","templated":true}]}}