{"id":1733,"date":"2022-12-22T14:13:26","date_gmt":"2022-12-22T14:13:26","guid":{"rendered":"https:\/\/ld-wp73.template-help.com\/wordpress\/prod_803\/v3\/my-account\/"},"modified":"2023-10-17T20:01:33","modified_gmt":"2023-10-17T18:01:33","slug":"fiokom","status":"publish","type":"page","link":"https:\/\/calmresort.hu\/en\/my-account\/","title":{"rendered":"Fi\u00f3kom"},"content":{"rendered":"<p>[mphb_account]<\/p>","protected":false},"excerpt":{"rendered":"<p>[mphb_account]<\/p>","protected":false},"author":1,"featured_media":0,"parent":0,"menu_order":0,"comment_status":"closed","ping_status":"closed","template":"","meta":{"_monsterinsights_skip_tracking":false,"_monsterinsights_sitenote_active":false,"_monsterinsights_sitenote_note":"","_monsterinsights_sitenote_category":0,"footnotes":""},"class_list":["post-1733","page","type-page","status-publish","hentry"],"yoast_head":"<!-- This site is optimized with the Yoast SEO Premium plugin v24.4 (Yoast SEO v24.4) - https:\/\/yoast.com\/wordpress\/plugins\/seo\/ -->\n<title>Fi\u00f3kom | Calm Resort Hertelend<\/title>\n<meta name=\"robots\" content=\"index, follow, max-snippet:-1, max-image-preview:large, max-video-preview:-1\" \/>\n<link rel=\"canonical\" href=\"https:\/\/calmresort.hu\/en\/my-account\/\" \/>\n<meta property=\"og:locale\" content=\"en_US\" \/>\n<meta property=\"og:type\" content=\"article\" \/>\n<meta property=\"og:title\" content=\"Fi\u00f3kom\" \/>\n<meta property=\"og:description\" content=\"[mphb_account]\" \/>\n<meta property=\"og:url\" content=\"https:\/\/calmresort.hu\/en\/my-account\/\" \/>\n<meta property=\"og:site_name\" content=\"Calm Resort Hertelend\" \/>\n<meta property=\"article:publisher\" content=\"https:\/\/www.facebook.com\/CalmResortHertelend\" \/>\n<meta property=\"article:modified_time\" content=\"2023-10-17T18:01:33+00:00\" \/>\n<meta property=\"og:image\" content=\"https:\/\/calmresort.hu\/wp-content\/uploads\/2023\/09\/CR_Logo2.webp\" \/>\n\t<meta property=\"og:image:width\" content=\"1000\" \/>\n\t<meta property=\"og:image:height\" content=\"1000\" \/>\n\t<meta property=\"og:image:type\" content=\"image\/webp\" \/>\n<meta name=\"twitter:card\" content=\"summary_large_image\" \/>\n<meta name=\"twitter:label1\" content=\"Est. reading time\" \/>\n\t<meta name=\"twitter:data1\" content=\"1 minute\" \/>\n<script type=\"application\/ld+json\" class=\"yoast-schema-graph\">{\"@context\":\"https:\/\/schema.org\",\"@graph\":[{\"@type\":\"WebPage\",\"@id\":\"https:\/\/calmresort.hu\/fiokom\/\",\"url\":\"https:\/\/calmresort.hu\/fiokom\/\",\"name\":\"Fi\u00f3kom | Calm Resort Hertelend\",\"isPartOf\":{\"@id\":\"https:\/\/calmresort.hu\/#website\"},\"datePublished\":\"2022-12-22T14:13:26+00:00\",\"dateModified\":\"2023-10-17T18:01:33+00:00\",\"breadcrumb\":{\"@id\":\"https:\/\/calmresort.hu\/fiokom\/#breadcrumb\"},\"inLanguage\":\"en-US\",\"potentialAction\":[{\"@type\":\"ReadAction\",\"target\":[\"https:\/\/calmresort.hu\/fiokom\/\"]}]},{\"@type\":\"BreadcrumbList\",\"@id\":\"https:\/\/calmresort.hu\/fiokom\/#breadcrumb\",\"itemListElement\":[{\"@type\":\"ListItem\",\"position\":1,\"name\":\"Kezd\u0151lap\",\"item\":\"https:\/\/calmresort.hu\/\"},{\"@type\":\"ListItem\",\"position\":2,\"name\":\"Fi\u00f3kom\"}]},{\"@type\":\"WebSite\",\"@id\":\"https:\/\/calmresort.hu\/#website\",\"url\":\"https:\/\/calmresort.hu\/\",\"name\":\"Calm Resort Hertelend\",\"description\":\"Erd\u0151sz\u00e9li nyugalom \u00e9s wellness a Mecsek l\u00e1b\u00e1n\u00e1l.\",\"publisher\":{\"@id\":\"https:\/\/calmresort.hu\/#organization\"},\"alternateName\":\"Csal\u00e1di apartmanok\",\"potentialAction\":[{\"@type\":\"SearchAction\",\"target\":{\"@type\":\"EntryPoint\",\"urlTemplate\":\"https:\/\/calmresort.hu\/?s={search_term_string}\"},\"query-input\":{\"@type\":\"PropertyValueSpecification\",\"valueRequired\":true,\"valueName\":\"search_term_string\"}}],\"inLanguage\":\"en-US\"},{\"@type\":\"Organization\",\"@id\":\"https:\/\/calmresort.hu\/#organization\",\"name\":\"Calm Resort Hertelend\",\"url\":\"https:\/\/calmresort.hu\/\",\"logo\":{\"@type\":\"ImageObject\",\"inLanguage\":\"en-US\",\"@id\":\"https:\/\/calmresort.hu\/#\/schema\/logo\/image\/\",\"url\":\"https:\/\/calmresort.hu\/wp-content\/uploads\/2024\/01\/CR_Logo2.png\",\"contentUrl\":\"https:\/\/calmresort.hu\/wp-content\/uploads\/2024\/01\/CR_Logo2.png\",\"width\":1000,\"height\":1000,\"caption\":\"Calm Resort Hertelend\"},\"image\":{\"@id\":\"https:\/\/calmresort.hu\/#\/schema\/logo\/image\/\"},\"sameAs\":[\"https:\/\/www.facebook.com\/CalmResortHertelend\",\"https:\/\/www.instagram.com\/calmresorthertelend\/\"],\"publishingPrinciples\":\"https:\/\/calmresort.hu\/informaciok\/hazirend\/\",\"ownershipFundingInfo\":\"https:\/\/calmresort.hu\/informaciok\/\",\"actionableFeedbackPolicy\":\"https:\/\/calmresort.hu\/altalanos-szerzodesi-feltetelek\/\"}]}<\/script>\n<!-- \/ Yoast SEO Premium plugin. -->","yoast_head_json":{"title":"Fi\u00f3kom | Calm Resort Hertelend","robots":{"index":"index","follow":"follow","max-snippet":"max-snippet:-1","max-image-preview":"max-image-preview:large","max-video-preview":"max-video-preview:-1"},"canonical":"https:\/\/calmresort.hu\/en\/my-account\/","og_locale":"en_US","og_type":"article","og_title":"Fi\u00f3kom","og_description":"[mphb_account]","og_url":"https:\/\/calmresort.hu\/en\/my-account\/","og_site_name":"Calm Resort Hertelend","article_publisher":"https:\/\/www.facebook.com\/CalmResortHertelend","article_modified_time":"2023-10-17T18:01:33+00:00","og_image":[{"width":1000,"height":1000,"url":"https:\/\/calmresort.hu\/wp-content\/uploads\/2023\/09\/CR_Logo2.webp","type":"image\/webp"}],"twitter_card":"summary_large_image","twitter_misc":{"Est. reading time":"1 minute"},"schema":{"@context":"https:\/\/schema.org","@graph":[{"@type":"WebPage","@id":"https:\/\/calmresort.hu\/fiokom\/","url":"https:\/\/calmresort.hu\/fiokom\/","name":"Fi\u00f3kom | Calm Resort Hertelend","isPartOf":{"@id":"https:\/\/calmresort.hu\/#website"},"datePublished":"2022-12-22T14:13:26+00:00","dateModified":"2023-10-17T18:01:33+00:00","breadcrumb":{"@id":"https:\/\/calmresort.hu\/fiokom\/#breadcrumb"},"inLanguage":"en-US","potentialAction":[{"@type":"ReadAction","target":["https:\/\/calmresort.hu\/fiokom\/"]}]},{"@type":"BreadcrumbList","@id":"https:\/\/calmresort.hu\/fiokom\/#breadcrumb","itemListElement":[{"@type":"ListItem","position":1,"name":"Kezd\u0151lap","item":"https:\/\/calmresort.hu\/"},{"@type":"ListItem","position":2,"name":"Fi\u00f3kom"}]},{"@type":"WebSite","@id":"https:\/\/calmresort.hu\/#website","url":"https:\/\/calmresort.hu\/","name":"Calm Resort Hertelend","description":"Erd\u0151sz\u00e9li nyugalom \u00e9s wellness a Mecsek l\u00e1b\u00e1n\u00e1l.","publisher":{"@id":"https:\/\/calmresort.hu\/#organization"},"alternateName":"Csal\u00e1di apartmanok","potentialAction":[{"@type":"SearchAction","target":{"@type":"EntryPoint","urlTemplate":"https:\/\/calmresort.hu\/?s={search_term_string}"},"query-input":{"@type":"PropertyValueSpecification","valueRequired":true,"valueName":"search_term_string"}}],"inLanguage":"en-US"},{"@type":"Organization","@id":"https:\/\/calmresort.hu\/#organization","name":"Calm Resort Hertelend","url":"https:\/\/calmresort.hu\/","logo":{"@type":"ImageObject","inLanguage":"en-US","@id":"https:\/\/calmresort.hu\/#\/schema\/logo\/image\/","url":"https:\/\/calmresort.hu\/wp-content\/uploads\/2024\/01\/CR_Logo2.png","contentUrl":"https:\/\/calmresort.hu\/wp-content\/uploads\/2024\/01\/CR_Logo2.png","width":1000,"height":1000,"caption":"Calm Resort Hertelend"},"image":{"@id":"https:\/\/calmresort.hu\/#\/schema\/logo\/image\/"},"sameAs":["https:\/\/www.facebook.com\/CalmResortHertelend","https:\/\/www.instagram.com\/calmresorthertelend\/"],"publishingPrinciples":"https:\/\/calmresort.hu\/informaciok\/hazirend\/","ownershipFundingInfo":"https:\/\/calmresort.hu\/informaciok\/","actionableFeedbackPolicy":"https:\/\/calmresort.hu\/altalanos-szerzodesi-feltetelek\/"}]}},"_links":{"self":[{"href":"https:\/\/calmresort.hu\/en\/wp-json\/wp\/v2\/pages\/1733","targetHints":{"allow":["GET"]}}],"collection":[{"href":"https:\/\/calmresort.hu\/en\/wp-json\/wp\/v2\/pages"}],"about":[{"href":"https:\/\/calmresort.hu\/en\/wp-json\/wp\/v2\/types\/page"}],"author":[{"embeddable":true,"href":"https:\/\/calmresort.hu\/en\/wp-json\/wp\/v2\/users\/1"}],"replies":[{"embeddable":true,"href":"https:\/\/calmresort.hu\/en\/wp-json\/wp\/v2\/comments?post=1733"}],"version-history":[{"count":1,"href":"https:\/\/calmresort.hu\/en\/wp-json\/wp\/v2\/pages\/1733\/revisions"}],"predecessor-version":[{"id":4313,"href":"https:\/\/calmresort.hu\/en\/wp-json\/wp\/v2\/pages\/1733\/revisions\/4313"}],"wp:attachment":[{"href":"https:\/\/calmresort.hu\/en\/wp-json\/wp\/v2\/media?parent=1733"}],"curies":[{"name":"wp","href":"https:\/\/api.w.org\/{rel}","templated":true}]}}