{"id":4108,"date":"2023-10-01T15:13:22","date_gmt":"2023-10-01T13:13:22","guid":{"rendered":"https:\/\/calmresort.hu\/?page_id=4108"},"modified":"2026-01-04T14:16:33","modified_gmt":"2026-01-04T12:16:33","slug":"kisallat-es-kutyatartasi-szabalyzat","status":"publish","type":"page","link":"https:\/\/calmresort.hu\/en\/infos\/pet-policy\/","title":{"rendered":"Pet policy"},"content":{"rendered":"<div data-elementor-type=\"wp-page\" data-elementor-id=\"4108\" class=\"elementor elementor-4108\" data-elementor-post-type=\"page\">\n\t\t\t\t\t\t<section class=\"elementor-section elementor-top-section elementor-element elementor-element-35909f3 elementor-section-boxed elementor-section-height-default elementor-section-height-default\" data-id=\"35909f3\" data-element_type=\"section\" data-settings=\"{&quot;jet_parallax_layout_list&quot;:[{&quot;_id&quot;:&quot;460daf8&quot;,&quot;jet_parallax_layout_image&quot;:{&quot;url&quot;:&quot;&quot;,&quot;id&quot;:&quot;&quot;,&quot;size&quot;:&quot;&quot;},&quot;jet_parallax_layout_image_tablet&quot;:{&quot;url&quot;:&quot;&quot;,&quot;id&quot;:&quot;&quot;,&quot;size&quot;:&quot;&quot;},&quot;jet_parallax_layout_image_mobile&quot;:{&quot;url&quot;:&quot;&quot;,&quot;id&quot;:&quot;&quot;,&quot;size&quot;:&quot;&quot;},&quot;jet_parallax_layout_speed&quot;:{&quot;unit&quot;:&quot;%&quot;,&quot;size&quot;:50,&quot;sizes&quot;:[]},&quot;jet_parallax_layout_type&quot;:&quot;scroll&quot;,&quot;jet_parallax_layout_direction&quot;:null,&quot;jet_parallax_layout_fx_direction&quot;:null,&quot;jet_parallax_layout_z_index&quot;:&quot;&quot;,&quot;jet_parallax_layout_bg_x&quot;:50,&quot;jet_parallax_layout_bg_x_tablet&quot;:&quot;&quot;,&quot;jet_parallax_layout_bg_x_mobile&quot;:&quot;&quot;,&quot;jet_parallax_layout_bg_y&quot;:50,&quot;jet_parallax_layout_bg_y_tablet&quot;:&quot;&quot;,&quot;jet_parallax_layout_bg_y_mobile&quot;:&quot;&quot;,&quot;jet_parallax_layout_bg_size&quot;:&quot;auto&quot;,&quot;jet_parallax_layout_bg_size_tablet&quot;:&quot;&quot;,&quot;jet_parallax_layout_bg_size_mobile&quot;:&quot;&quot;,&quot;jet_parallax_layout_animation_prop&quot;:&quot;transform&quot;,&quot;jet_parallax_layout_on&quot;:[&quot;desktop&quot;,&quot;tablet&quot;]}]}\">\n\t\t\t\t\t\t<div class=\"elementor-container elementor-column-gap-default\">\n\t\t\t\t\t<div class=\"elementor-column elementor-col-100 elementor-top-column elementor-element elementor-element-b9739c6\" data-id=\"b9739c6\" data-element_type=\"column\">\n\t\t\t<div class=\"elementor-widget-wrap elementor-element-populated\">\n\t\t\t\t\t\t<div class=\"elementor-element elementor-element-40822f2 elementor-widget elementor-widget-heading\" data-id=\"40822f2\" data-element_type=\"widget\" data-widget_type=\"heading.default\">\n\t\t\t\t<div class=\"elementor-widget-container\">\n\t\t\t\t\t<h1 class=\"elementor-heading-title elementor-size-default\">pet and dog policy<\/h1>\t\t\t\t<\/div>\n\t\t\t\t<\/div>\n\t\t\t\t<div class=\"elementor-element elementor-element-2fd3a0c elementor-widget elementor-widget-text-editor\" data-id=\"2fd3a0c\" data-element_type=\"widget\" data-widget_type=\"text-editor.default\">\n\t\t\t\t<div class=\"elementor-widget-container\">\n\t\t\t\t\t\t\t\t\t<p><strong>Dear guests!<\/strong><\/p>\n<p>Szeretettel v\u00e1rjuk kis\u00e1llatbar\u00e1t (kutya, macska) vend\u00e9gh\u00e1zainkban \u00d6n\u00f6ket \u00e9s kedvenc\u00fcket. Ahhoz, hogy mindannyiunk \u00e9s kutyusok \u00e9s cicusok sz\u00e1m\u00e1ra kellemes \u00e9s zavartalan legyen a tart\u00f3zkod\u00e1s, k\u00e9rj\u00fck, tarts\u00e1k be az al\u00e1bbi szab\u00e1lyokat <b>(El\u0151zetes enged\u00e9lyeztet\u00e9s sz\u00fcks\u00e9ges!)<\/b>:<\/p>\n<ol>\n<li>\n<p><strong>Allowed dogs:<\/strong> <b>Kistest\u0171 <\/b>(max. 8 kg) <b>szobatiszta,<\/b> \u00e1polt kuty\u00e1kat fogadunk el fel\u00e1r ellen\u00e9ben. Sajnos nagytest\u0171 kuty\u00e1kat nem tudunk fogadni. A kutya olt\u00e1si pap\u00edrjai naprak\u00e9szek, \u00e9s az \u00e1llat bolha \u00e9s kullancsmentes.<\/p>\n<\/li>\n<li>\n<p><strong>Dogs with hair loss:<\/strong> Dogs that lose a lot of fur cannot be brought into the accommodation.<\/p>\n<\/li>\n<li>\n<p><strong>Cleanliness and Liability:<\/strong> Please note that the pet surcharge does not include the cleaning or restoration of possible contamination or damage. If extra cleaning or repairs are required, the owner may charge an additional fee.<\/p>\n<\/li>\n<li>\n<p><strong>Supervision:<\/strong> Pets should never be left unattended in the room or anywhere in the guest house.<\/p>\n<\/li>\n<li>\n<p><strong>Behavior:<\/strong> Please pay attention to your dog's behavior. If other guests complain about his behavior, our colleagues will draw their attention to them. If the measures do not lead to results, we unfortunately have to ask them to leave the guest house.<\/p>\n<\/li>\n<li>\n<p><strong>Keeping on a leash:<\/strong> Always keep your dogs on a leash in the guest house area.<\/p>\n<\/li>\n<li>\n<p class=\"translation-block\"><strong>Environmental awareness:<\/strong> Please pick up your dog's excrement in the guest house area.<\/p>\n<\/li>\n<li>\n<p><strong>Use of spaces:<\/strong> Pets are only allowed on the upper floor of the guest house. Carrying them to bed and upstairs is FORBIDDEN for health and safety reasons!<\/p>\n<\/li>\n<li>\n<p><strong>Bathing:<\/strong> It is forbidden to bathe dogs in the showers.<\/p>\n<\/li>\n<li>\n<p><strong>Personal objects:<\/strong> Please bring your own towel to keep your dog clean.<\/p>\n<\/li>\n<li>\n<p><strong>Playground:<\/strong> Do not bring dogs to the playground in the garden.<\/p>\n<\/li>\n<li>\n<p class=\"translation-block\"><strong>Blankets:<\/strong> Please bring a blanket to rest your dog on.<\/p>\n<\/li>\n<\/ol>\n<p class=\"translation-block\">Thank you for your understanding and cooperation. We hope that you and your pets will have a pleasant time at <a href=\"https:\/\/calmresort.hu\/en\/apartments\/fox-apartment\/\" target=\"_self\">Calm Resort Hertelend<\/a>.<\/p>\t\t\t\t\t\t\t\t<\/div>\n\t\t\t\t<\/div>\n\t\t\t\t\t<\/div>\n\t\t<\/div>\n\t\t\t\t\t<\/div>\n\t\t<\/section>\n\t\t\t\t<\/div>","protected":false},"excerpt":{"rendered":"<p>kis\u00e1llat- \u00e9s kutyatart\u00e1si szab\u00e1lyzat Tisztelt Vend\u00e9geink! Szeretettel v\u00e1rjuk kis\u00e1llatbar\u00e1t (kutya, macska) vend\u00e9gh\u00e1zainkban \u00d6n\u00f6ket \u00e9s kedvenc\u00fcket. Ahhoz, hogy mindannyiunk \u00e9s kutyusok \u00e9s cicusok sz\u00e1m\u00e1ra kellemes \u00e9s zavartalan legyen a tart\u00f3zkod\u00e1s, k\u00e9rj\u00fck, tarts\u00e1k be az al\u00e1bbi szab\u00e1lyokat (El\u0151zetes enged\u00e9lyeztet\u00e9s sz\u00fcks\u00e9ges!): Bevihet\u0151 kuty\u00e1k: Kistest\u0171 (max. 8 kg) szobatiszta, \u00e1polt kuty\u00e1kat fogadunk el fel\u00e1r ellen\u00e9ben. Sajnos nagytest\u0171 kuty\u00e1kat nem [&hellip;]<\/p>","protected":false},"author":1,"featured_media":0,"parent":3426,"menu_order":0,"comment_status":"closed","ping_status":"closed","template":"elementor_header_footer","meta":{"_monsterinsights_skip_tracking":false,"_monsterinsights_sitenote_active":false,"_monsterinsights_sitenote_note":"","_monsterinsights_sitenote_category":0,"footnotes":""},"class_list":["post-4108","page","type-page","status-publish","hentry"],"yoast_head":"<!-- This site is optimized with the Yoast SEO Premium plugin v24.4 (Yoast SEO v24.4) - https:\/\/yoast.com\/wordpress\/plugins\/seo\/ -->\n<title>Kis\u00e1llat szab\u00e1lyzat | Calm Resort Hertelend<\/title>\n<meta name=\"description\" content=\"Kis\u00e1llatbar\u00e1t apartman. Kutya-macska vend\u00e9geket is sz\u00edvesen v\u00e1runk az apartmanjainkban. Ismerd meg az erre vonatkoz\u00f3 szab\u00e1lyainkat.\" \/>\n<meta name=\"robots\" content=\"index, follow, max-snippet:-1, max-image-preview:large, max-video-preview:-1\" \/>\n<link rel=\"canonical\" href=\"https:\/\/calmresort.hu\/en\/infos\/pet-policy\/\" \/>\n<meta property=\"og:locale\" content=\"en_US\" \/>\n<meta property=\"og:type\" content=\"article\" \/>\n<meta property=\"og:title\" content=\"Kis\u00e1llat szab\u00e1lyzat\" \/>\n<meta property=\"og:description\" content=\"Kis\u00e1llatbar\u00e1t apartman. Kutya-macska vend\u00e9geket is sz\u00edvesen v\u00e1runk az apartmanjainkban. Ismerd meg az erre vonatkoz\u00f3 szab\u00e1lyainkat.\" \/>\n<meta property=\"og:url\" content=\"https:\/\/calmresort.hu\/en\/infos\/pet-policy\/\" \/>\n<meta property=\"og:site_name\" content=\"Calm Resort Hertelend\" \/>\n<meta property=\"article:publisher\" content=\"https:\/\/www.facebook.com\/CalmResortHertelend\" \/>\n<meta property=\"article:modified_time\" content=\"2026-01-04T12:16:33+00:00\" \/>\n<meta property=\"og:image\" content=\"https:\/\/calmresort.hu\/wp-content\/uploads\/2023\/09\/CR_Logo2.webp\" \/>\n\t<meta property=\"og:image:width\" content=\"1000\" \/>\n\t<meta property=\"og:image:height\" content=\"1000\" \/>\n\t<meta property=\"og:image:type\" content=\"image\/webp\" \/>\n<meta name=\"twitter:card\" content=\"summary_large_image\" \/>\n<meta name=\"twitter:label1\" content=\"Est. reading time\" \/>\n\t<meta name=\"twitter:data1\" content=\"2 minutes\" \/>\n<script type=\"application\/ld+json\" class=\"yoast-schema-graph\">{\"@context\":\"https:\/\/schema.org\",\"@graph\":[{\"@type\":\"WebPage\",\"@id\":\"https:\/\/calmresort.hu\/informaciok\/kisallat-es-kutyatartasi-szabalyzat\/\",\"url\":\"https:\/\/calmresort.hu\/informaciok\/kisallat-es-kutyatartasi-szabalyzat\/\",\"name\":\"Kis\u00e1llat szab\u00e1lyzat | Calm Resort Hertelend\",\"isPartOf\":{\"@id\":\"https:\/\/calmresort.hu\/#website\"},\"datePublished\":\"2023-10-01T13:13:22+00:00\",\"dateModified\":\"2026-01-04T12:16:33+00:00\",\"description\":\"Kis\u00e1llatbar\u00e1t apartman. Kutya-macska vend\u00e9geket is sz\u00edvesen v\u00e1runk az apartmanjainkban. Ismerd meg az erre vonatkoz\u00f3 szab\u00e1lyainkat.\",\"breadcrumb\":{\"@id\":\"https:\/\/calmresort.hu\/informaciok\/kisallat-es-kutyatartasi-szabalyzat\/#breadcrumb\"},\"inLanguage\":\"en-US\",\"potentialAction\":[{\"@type\":\"ReadAction\",\"target\":[\"https:\/\/calmresort.hu\/informaciok\/kisallat-es-kutyatartasi-szabalyzat\/\"]}]},{\"@type\":\"BreadcrumbList\",\"@id\":\"https:\/\/calmresort.hu\/informaciok\/kisallat-es-kutyatartasi-szabalyzat\/#breadcrumb\",\"itemListElement\":[{\"@type\":\"ListItem\",\"position\":1,\"name\":\"Kezd\u0151lap\",\"item\":\"https:\/\/calmresort.hu\/\"},{\"@type\":\"ListItem\",\"position\":2,\"name\":\"Tudnival\u00f3k\",\"item\":\"https:\/\/calmresort.hu\/informaciok\/\"},{\"@type\":\"ListItem\",\"position\":3,\"name\":\"Kis\u00e1llat szab\u00e1lyzat\"}]},{\"@type\":\"WebSite\",\"@id\":\"https:\/\/calmresort.hu\/#website\",\"url\":\"https:\/\/calmresort.hu\/\",\"name\":\"Calm Resort Hertelend\",\"description\":\"Erd\u0151sz\u00e9li nyugalom \u00e9s wellness a Mecsek l\u00e1b\u00e1n\u00e1l.\",\"publisher\":{\"@id\":\"https:\/\/calmresort.hu\/#organization\"},\"alternateName\":\"Csal\u00e1di apartmanok\",\"potentialAction\":[{\"@type\":\"SearchAction\",\"target\":{\"@type\":\"EntryPoint\",\"urlTemplate\":\"https:\/\/calmresort.hu\/?s={search_term_string}\"},\"query-input\":{\"@type\":\"PropertyValueSpecification\",\"valueRequired\":true,\"valueName\":\"search_term_string\"}}],\"inLanguage\":\"en-US\"},{\"@type\":\"Organization\",\"@id\":\"https:\/\/calmresort.hu\/#organization\",\"name\":\"Calm Resort Hertelend\",\"url\":\"https:\/\/calmresort.hu\/\",\"logo\":{\"@type\":\"ImageObject\",\"inLanguage\":\"en-US\",\"@id\":\"https:\/\/calmresort.hu\/#\/schema\/logo\/image\/\",\"url\":\"https:\/\/calmresort.hu\/wp-content\/uploads\/2024\/01\/CR_Logo2.png\",\"contentUrl\":\"https:\/\/calmresort.hu\/wp-content\/uploads\/2024\/01\/CR_Logo2.png\",\"width\":1000,\"height\":1000,\"caption\":\"Calm Resort Hertelend\"},\"image\":{\"@id\":\"https:\/\/calmresort.hu\/#\/schema\/logo\/image\/\"},\"sameAs\":[\"https:\/\/www.facebook.com\/CalmResortHertelend\",\"https:\/\/www.instagram.com\/calmresorthertelend\/\"],\"publishingPrinciples\":\"https:\/\/calmresort.hu\/informaciok\/hazirend\/\",\"ownershipFundingInfo\":\"https:\/\/calmresort.hu\/informaciok\/\",\"actionableFeedbackPolicy\":\"https:\/\/calmresort.hu\/altalanos-szerzodesi-feltetelek\/\"}]}<\/script>\n<!-- \/ Yoast SEO Premium plugin. -->","yoast_head_json":{"title":"Kis\u00e1llat szab\u00e1lyzat | Calm Resort Hertelend","description":"Kis\u00e1llatbar\u00e1t apartman. Kutya-macska vend\u00e9geket is sz\u00edvesen v\u00e1runk az apartmanjainkban. Ismerd meg az erre vonatkoz\u00f3 szab\u00e1lyainkat.","robots":{"index":"index","follow":"follow","max-snippet":"max-snippet:-1","max-image-preview":"max-image-preview:large","max-video-preview":"max-video-preview:-1"},"canonical":"https:\/\/calmresort.hu\/en\/infos\/pet-policy\/","og_locale":"en_US","og_type":"article","og_title":"Kis\u00e1llat szab\u00e1lyzat","og_description":"Kis\u00e1llatbar\u00e1t apartman. Kutya-macska vend\u00e9geket is sz\u00edvesen v\u00e1runk az apartmanjainkban. Ismerd meg az erre vonatkoz\u00f3 szab\u00e1lyainkat.","og_url":"https:\/\/calmresort.hu\/en\/infos\/pet-policy\/","og_site_name":"Calm Resort Hertelend","article_publisher":"https:\/\/www.facebook.com\/CalmResortHertelend","article_modified_time":"2026-01-04T12:16:33+00:00","og_image":[{"width":1000,"height":1000,"url":"https:\/\/calmresort.hu\/wp-content\/uploads\/2023\/09\/CR_Logo2.webp","type":"image\/webp"}],"twitter_card":"summary_large_image","twitter_misc":{"Est. reading time":"2 minutes"},"schema":{"@context":"https:\/\/schema.org","@graph":[{"@type":"WebPage","@id":"https:\/\/calmresort.hu\/informaciok\/kisallat-es-kutyatartasi-szabalyzat\/","url":"https:\/\/calmresort.hu\/informaciok\/kisallat-es-kutyatartasi-szabalyzat\/","name":"Kis\u00e1llat szab\u00e1lyzat | Calm Resort Hertelend","isPartOf":{"@id":"https:\/\/calmresort.hu\/#website"},"datePublished":"2023-10-01T13:13:22+00:00","dateModified":"2026-01-04T12:16:33+00:00","description":"Kis\u00e1llatbar\u00e1t apartman. Kutya-macska vend\u00e9geket is sz\u00edvesen v\u00e1runk az apartmanjainkban. Ismerd meg az erre vonatkoz\u00f3 szab\u00e1lyainkat.","breadcrumb":{"@id":"https:\/\/calmresort.hu\/informaciok\/kisallat-es-kutyatartasi-szabalyzat\/#breadcrumb"},"inLanguage":"en-US","potentialAction":[{"@type":"ReadAction","target":["https:\/\/calmresort.hu\/informaciok\/kisallat-es-kutyatartasi-szabalyzat\/"]}]},{"@type":"BreadcrumbList","@id":"https:\/\/calmresort.hu\/informaciok\/kisallat-es-kutyatartasi-szabalyzat\/#breadcrumb","itemListElement":[{"@type":"ListItem","position":1,"name":"Kezd\u0151lap","item":"https:\/\/calmresort.hu\/"},{"@type":"ListItem","position":2,"name":"Tudnival\u00f3k","item":"https:\/\/calmresort.hu\/informaciok\/"},{"@type":"ListItem","position":3,"name":"Kis\u00e1llat szab\u00e1lyzat"}]},{"@type":"WebSite","@id":"https:\/\/calmresort.hu\/#website","url":"https:\/\/calmresort.hu\/","name":"Calm Resort Hertelend","description":"Erd\u0151sz\u00e9li nyugalom \u00e9s wellness a Mecsek l\u00e1b\u00e1n\u00e1l.","publisher":{"@id":"https:\/\/calmresort.hu\/#organization"},"alternateName":"Csal\u00e1di apartmanok","potentialAction":[{"@type":"SearchAction","target":{"@type":"EntryPoint","urlTemplate":"https:\/\/calmresort.hu\/?s={search_term_string}"},"query-input":{"@type":"PropertyValueSpecification","valueRequired":true,"valueName":"search_term_string"}}],"inLanguage":"en-US"},{"@type":"Organization","@id":"https:\/\/calmresort.hu\/#organization","name":"Calm Resort Hertelend","url":"https:\/\/calmresort.hu\/","logo":{"@type":"ImageObject","inLanguage":"en-US","@id":"https:\/\/calmresort.hu\/#\/schema\/logo\/image\/","url":"https:\/\/calmresort.hu\/wp-content\/uploads\/2024\/01\/CR_Logo2.png","contentUrl":"https:\/\/calmresort.hu\/wp-content\/uploads\/2024\/01\/CR_Logo2.png","width":1000,"height":1000,"caption":"Calm Resort Hertelend"},"image":{"@id":"https:\/\/calmresort.hu\/#\/schema\/logo\/image\/"},"sameAs":["https:\/\/www.facebook.com\/CalmResortHertelend","https:\/\/www.instagram.com\/calmresorthertelend\/"],"publishingPrinciples":"https:\/\/calmresort.hu\/informaciok\/hazirend\/","ownershipFundingInfo":"https:\/\/calmresort.hu\/informaciok\/","actionableFeedbackPolicy":"https:\/\/calmresort.hu\/altalanos-szerzodesi-feltetelek\/"}]}},"_links":{"self":[{"href":"https:\/\/calmresort.hu\/en\/wp-json\/wp\/v2\/pages\/4108","targetHints":{"allow":["GET"]}}],"collection":[{"href":"https:\/\/calmresort.hu\/en\/wp-json\/wp\/v2\/pages"}],"about":[{"href":"https:\/\/calmresort.hu\/en\/wp-json\/wp\/v2\/types\/page"}],"author":[{"embeddable":true,"href":"https:\/\/calmresort.hu\/en\/wp-json\/wp\/v2\/users\/1"}],"replies":[{"embeddable":true,"href":"https:\/\/calmresort.hu\/en\/wp-json\/wp\/v2\/comments?post=4108"}],"version-history":[{"count":41,"href":"https:\/\/calmresort.hu\/en\/wp-json\/wp\/v2\/pages\/4108\/revisions"}],"predecessor-version":[{"id":5715,"href":"https:\/\/calmresort.hu\/en\/wp-json\/wp\/v2\/pages\/4108\/revisions\/5715"}],"up":[{"embeddable":true,"href":"https:\/\/calmresort.hu\/en\/wp-json\/wp\/v2\/pages\/3426"}],"wp:attachment":[{"href":"https:\/\/calmresort.hu\/en\/wp-json\/wp\/v2\/media?parent=4108"}],"curies":[{"name":"wp","href":"https:\/\/api.w.org\/{rel}","templated":true}]}}