{"id":4293,"date":"2023-10-16T20:27:02","date_gmt":"2023-10-16T18:27:02","guid":{"rendered":"https:\/\/calmresort.hu\/?page_id=4293"},"modified":"2024-07-01T14:03:55","modified_gmt":"2024-07-01T12:03:55","slug":"altalanos-szerzodesi-feltetelek","status":"publish","type":"page","link":"https:\/\/calmresort.hu\/en\/general-terms-and-conditions\/","title":{"rendered":"GTC"},"content":{"rendered":"<div data-elementor-type=\"wp-page\" data-elementor-id=\"4293\" class=\"elementor elementor-4293\" data-elementor-post-type=\"page\">\n\t\t\t\t\t\t<section class=\"elementor-section elementor-top-section elementor-element elementor-element-8142d09 elementor-section-boxed elementor-section-height-default elementor-section-height-default\" data-id=\"8142d09\" data-element_type=\"section\" data-settings=\"{&quot;jet_parallax_layout_list&quot;:[{&quot;_id&quot;:&quot;460daf8&quot;,&quot;jet_parallax_layout_image&quot;:{&quot;url&quot;:&quot;&quot;,&quot;id&quot;:&quot;&quot;,&quot;size&quot;:&quot;&quot;},&quot;jet_parallax_layout_image_tablet&quot;:{&quot;url&quot;:&quot;&quot;,&quot;id&quot;:&quot;&quot;,&quot;size&quot;:&quot;&quot;},&quot;jet_parallax_layout_image_mobile&quot;:{&quot;url&quot;:&quot;&quot;,&quot;id&quot;:&quot;&quot;,&quot;size&quot;:&quot;&quot;},&quot;jet_parallax_layout_speed&quot;:{&quot;unit&quot;:&quot;%&quot;,&quot;size&quot;:50,&quot;sizes&quot;:[]},&quot;jet_parallax_layout_type&quot;:&quot;scroll&quot;,&quot;jet_parallax_layout_direction&quot;:null,&quot;jet_parallax_layout_fx_direction&quot;:null,&quot;jet_parallax_layout_z_index&quot;:&quot;&quot;,&quot;jet_parallax_layout_bg_x&quot;:50,&quot;jet_parallax_layout_bg_x_tablet&quot;:&quot;&quot;,&quot;jet_parallax_layout_bg_x_mobile&quot;:&quot;&quot;,&quot;jet_parallax_layout_bg_y&quot;:50,&quot;jet_parallax_layout_bg_y_tablet&quot;:&quot;&quot;,&quot;jet_parallax_layout_bg_y_mobile&quot;:&quot;&quot;,&quot;jet_parallax_layout_bg_size&quot;:&quot;auto&quot;,&quot;jet_parallax_layout_bg_size_tablet&quot;:&quot;&quot;,&quot;jet_parallax_layout_bg_size_mobile&quot;:&quot;&quot;,&quot;jet_parallax_layout_animation_prop&quot;:&quot;transform&quot;,&quot;jet_parallax_layout_on&quot;:[&quot;desktop&quot;,&quot;tablet&quot;]}]}\">\n\t\t\t\t\t\t<div class=\"elementor-container elementor-column-gap-default\">\n\t\t\t\t\t<div class=\"elementor-column elementor-col-100 elementor-top-column elementor-element elementor-element-8f3ba42\" data-id=\"8f3ba42\" data-element_type=\"column\">\n\t\t\t<div class=\"elementor-widget-wrap elementor-element-populated\">\n\t\t\t\t\t\t<div class=\"elementor-element elementor-element-de62866 elementor-widget elementor-widget-heading\" data-id=\"de62866\" data-element_type=\"widget\" data-widget_type=\"heading.default\">\n\t\t\t\t<div class=\"elementor-widget-container\">\n\t\t\t\t\t<h1 class=\"elementor-heading-title elementor-size-default\">\u00c1ltal\u00e1nos Szerz\u0151d\u00e9si felt\u00e9telek (\u00c1SZF)<\/h1>\t\t\t\t<\/div>\n\t\t\t\t<\/div>\n\t\t\t\t<div class=\"elementor-element elementor-element-60cc433 elementor-widget elementor-widget-text-editor\" data-id=\"60cc433\" data-element_type=\"widget\" data-widget_type=\"text-editor.default\">\n\t\t\t\t<div class=\"elementor-widget-container\">\n\t\t\t\t\t\t\t\t\t<p>Ezen \u00c1ltal\u00e1nos Szerz\u0151d\u00e9ses Felt\u00e9telek (tov\u00e1bbiakban \u00c1SZF) a magyarhertelendi <em><strong>Calm Resort Hertelend vend\u00e9gh\u00e1z (C\u00edm: 7394 Magyarhertelend, P\u00e1fr\u00e1ny utca 13., NTAK regisztr\u00e1ci\u00f3s sz\u00e1m: EG23083684, <\/strong>(\u00dczemeltet\u0151: Press Komm Kft.)<strong> tov\u00e1bbiakban: Vend\u00e9gh\u00e1z vagy Szolg\u00e1ltat\u00f3)<\/strong><\/em> \u00e9s a Vend\u00e9g k\u00f6z\u00f6tt l\u00e9trej\u00f6v\u0151 sz\u00e1ll\u00e1shely-szolg\u00e1ltat\u00e1si szerz\u0151d\u00e9s alapj\u00e1ul szolg\u00e1lnak.<\/p><p>Ezen \u00c1SZF nem tartalmaz egyedi felt\u00e9teleket, azonban nem z\u00e1rja ki a speci\u00e1lis meg\u00e1llapod\u00e1sok lehet\u0151s\u00e9g\u00e9t utaz\u00e1sk\u00f6zvet\u00edt\u0151kkel, szervez\u0151kkel, vagy m\u00e1s, az adott \u00fczletnek megfelel\u0151 felt\u00e9telekkel.<\/p><p>Az \u00c1SZF r\u00e9sze a Calm Resort Hertelend H\u00e1zirendj\u00e9nek, melyet a Vend\u00e9g sz\u00e1ll\u00e1sfoglal\u00e1sakor e-mailben megkap, \u00e9s a sz\u00e1ll\u00e1son nyomtatott form\u00e1ban is el\u00e9rhet\u0151. A H\u00e1zirendet a Vend\u00e9g k\u00f6teles megismerni, elfogadni \u00e9s betartani.<\/p><h2><strong>Szerz\u0151d\u0151 Felek<\/strong><\/h2><p>A Vend\u00e9gnek az a term\u00e9szetes vagy jogi szem\u00e9ly min\u0151s\u00fcl, aki, vagy amely a Szolg\u00e1ltat\u00f3 \u00e1ltal k\u00edn\u00e1lt sz\u00e1ll\u00e1shely-szolg\u00e1ltat\u00e1sokat ig\u00e9nybe veszi. A Szolg\u00e1ltat\u00f3 \u00e9s a Vend\u00e9g egy\u00fcttesen, amennyiben a felt\u00e9telek teljes\u00fclnek, szerz\u0151d\u00e9ses felekk\u00e9 v\u00e1lnak (tov\u00e1bbiakban: Felek).<\/p><p>Ha a szolg\u00e1ltat\u00e1sra vonatkoz\u00f3 szerz\u0151d\u00e9s megk\u00f6t\u00e9se sor\u00e1n a Vend\u00e9g megb\u00edz\u00e1s\u00e1b\u00f3l egy harmadik szem\u00e9ly (tov\u00e1bbiakban K\u00f6zvet\u00edt\u0151) j\u00e1r el, \u00fagy szint\u00e9n az \u00c1SZF rendelkez\u00e9sei az ir\u00e1nyad\u00f3ak, azzal a megjegyz\u00e9ssel, hogy a Szolg\u00e1ltat\u00f3 nem k\u00f6teles vizsg\u00e1lni, hogy a K\u00f6zvet\u00edt\u0151 jogosult-e a Vend\u00e9get k\u00e9pviselni. Ha a K\u00f6zvet\u00edt\u0151nek nincs felhatalmaz\u00e1sa, maga felel a szerz\u0151d\u00e9sb\u0151l ered\u0151, a Vend\u00e9get terhel\u0151 k\u00f6telezetts\u00e9gek teljes\u00edt\u00e9s\u00e9\u00e9rt.<\/p><h2><strong>A szolg\u00e1ltat\u00e1s ig\u00e9nybev\u00e9tel\u00e9nek m\u00f3dja \u00e9s felt\u00e9telei<\/strong><\/h2><p>A Szerz\u0151d\u00e9s kiz\u00e1r\u00f3lag a Vend\u00e9g online, \u00edr\u00e1sban tett aj\u00e1nlatk\u00e9r\u00e9se alapj\u00e1n a Szolg\u00e1ltat\u00f3 \u00e1ltal online megk\u00fcld\u00f6tt visszaigazol\u00e1ssal j\u00f6n l\u00e9tre. Ha a Szolg\u00e1ltat\u00f3 visszaigazol\u00e1sa az aj\u00e1nlatk\u00e9r\u00e9sben megjel\u00f6lt felt\u00e9telekt\u0151l elt\u00e9r, vagy az aj\u00e1nlatk\u00e9r\u00e9s nem terjed ki minden a szerz\u0151d\u00e9s l\u00e9trej\u00f6tt\u00e9hez sz\u00fcks\u00e9ges k\u00e9rd\u00e9sre, \u00fagy a szerz\u0151d\u00e9s a felek k\u00f6z\u00f6tt akkor j\u00f6n l\u00e9tre, ha valamennyi l\u00e9nyeges, vagy b\u00e1rmelyik f\u00e9l \u00e1ltal l\u00e9nyegesnek tekintett k\u00e9rd\u00e9sben a felek \u00edr\u00e1sban vagy e-mailben megegyeznek. <em><strong>A szerz\u0151d\u00e9s hat\u00e1lyoss\u00e1 azonban csak akkor v\u00e1lik, hogy a Vend\u00e9g a sz\u00e1ll\u00e1sd\u00edj\u00e1t kifizette a Szolg\u00e1ltat\u00f3nak.<\/strong> <\/em>Ha a szerz\u0151d\u00e9s a Vend\u00e9g fenti k\u00f6telezetts\u00e9gei teljes\u00edt\u00e9se hi\u00e1ny\u00e1ban nem v\u00e1lik hat\u00e1lyoss\u00e1, a Vend\u00e9g a teljes megrendelt szolg\u00e1ltat\u00e1s d\u00edj\u00e1nak 25%-\u00e1t, kiemelt id\u0151szak eset\u00e9n 50%-\u00e1t, kitev\u0151 k\u00f6tb\u00e9rt k\u00f6teles fizetni a Szolg\u00e1ltat\u00f3nak, melybe az ig\u00e9nybevett szolg\u00e1ltat\u00e1s hi\u00e1ny\u00e1b\u00f3l sz\u00e1rmaz\u00f3 bev\u00e9telkies\u00e9s, valamint az esetleges id\u0151pontv\u00e1ltoztat\u00e1sb\u00f3l sz\u00e1rmaz\u00f3 kies\u0151 bev\u00e9tel sz\u00e1m\u00edt bele.<\/p><p>A <a href=\"https:\/\/resnweb.com\/\" target=\"_blank\" rel=\"noopener\">RESnWEB<\/a> foglal\u00e1si rendszer\u00e9n, vagy e-mailben, illetve \u00edr\u00e1sban t\u00f6rt\u00e9n\u0151 megk\u00fcld\u00f6tt aj\u00e1nlatk\u00e9r\u00e9s tartalmazza a Vend\u00e9g nev\u00e9t, c\u00edm\u00e9t, e-mail c\u00edm\u00e9t, telefonsz\u00e1m\u00e1t, a Vend\u00e9g foglal\u00e1s\u00e1nak \u00e9s \u00e9rkez\u00e9si id\u0151pontj\u00e1nak d\u00e1tum\u00e1t, a szobat\u00edpust, a sz\u00e1ll\u00e1s hossz\u00e1t, az \u00e9jszak\u00e1k sz\u00e1m\u00e1t \u00e9s a szolg\u00e1ltat\u00e1sokat, melyeket a Vend\u00e9g k\u00edv\u00e1n ig\u00e9nybe venni. A Vend\u00e9g k\u00f6teles valamennyi k\u00e9rd\u00e9st \u00e9s felt\u00e9telt teljes k\u00f6r\u0171en megjel\u00f6lni az aj\u00e1nlatk\u00e9r\u00e9sben. Az aj\u00e1nlatk\u00e9r\u00e9s nem terjed ki a szolg\u00e1ltat\u00e1sra vonatkoz\u00f3 fizet\u00e9si felt\u00e9telekre.<\/p><p>A szerz\u0151d\u00e9s l\u00e9trej\u00f6tt\u00e9t k\u00f6vet\u0151en a Szolg\u00e1ltat\u00f3 visszaigazol\u00e1st k\u00fcld a Vend\u00e9gnek a megrendelt szolg\u00e1ltat\u00e1sr\u00f3l. A szerz\u0151d\u00e9s l\u00e9trej\u00f6tt\u00e9vel a Szolg\u00e1ltat\u00f3 a megrendelt szolg\u00e1ltat\u00e1st el\u00e9rhet\u0151v\u00e9 teszi a Vend\u00e9g sz\u00e1m\u00e1ra az \u00e9rkez\u00e9s napj\u00e1t\u00f3l kezd\u0151d\u0151en, \u00e9s a szolg\u00e1ltat\u00e1st a H\u00e1zirend \u00e9s az \u00c1SZF rendelkez\u00e9seinek megfelel\u0151en ny\u00fajtja.<\/p><p>A szerz\u0151d\u00e9s teljes\u00edt\u00e9se ut\u00e1n a Szolg\u00e1ltat\u00f3 a Vend\u00e9gnek sz\u00e1ml\u00e1t \u00e1ll\u00edt ki, melyet a Vend\u00e9g a szolg\u00e1ltat\u00e1s\u00e9rt fizetend\u0151 d\u00edj teljes \u00f6sszeg\u00e9t tartalmazza. A Vend\u00e9g k\u00f6teles a sz\u00e1ml\u00e1t a kibocs\u00e1t\u00e1s\u00e1t\u00f3l sz\u00e1m\u00edtott 3 napon bel\u00fcl kiegyenl\u00edteni a Szolg\u00e1ltat\u00f3nak. Ha a Vend\u00e9g a sz\u00e1ml\u00e1t nem fizeti ki hat\u00e1rid\u0151re, a Szolg\u00e1ltat\u00f3 jogosult kamatot sz\u00e1m\u00edtani a k\u00e9sedelmes \u00f6sszegre az \u00e9rv\u00e9nyes jogszab\u00e1lyok szerint.<\/p><h2><strong>Sz\u00e1ll\u00e1sd\u00edj \u00e9s egy\u00e9b d\u00edjak<\/strong><\/h2><p>A sz\u00e1ll\u00e1sd\u00edjat a Vend\u00e9g a Szolg\u00e1ltat\u00f3nak a szolg\u00e1ltat\u00e1s teljes\u00edt\u00e9s\u00e9t megel\u0151z\u0151en k\u00f6teles kiegyenl\u00edteni. A <a href=\"https:\/\/calmresort.hu\/en\/araink\/\" target=\"_blank\" rel=\"noopener\">sz\u00e1ll\u00e1sd\u00edj<\/a> tartalmazza a Vend\u00e9g \u00e1ltal a szerz\u0151d\u00e9sben megrendelt szolg\u00e1ltat\u00e1sok d\u00edj\u00e1t, az \u00e1gynem\u0171- \u00e9s t\u00f6r\u00f6lk\u00f6z\u0151haszn\u00e1latot, valamint a fogyaszt\u00e1s \u00e9s a takar\u00edt\u00e1s k\u00f6lts\u00e9geit, ha azok a H\u00e1zirend szerint a Vend\u00e9g terh\u00e9re ker\u00fclnek.<\/p><p>A szolg\u00e1ltat\u00e1sok \u00e9s egy\u00e9b d\u00edjak r\u00e9szletes le\u00edr\u00e1s\u00e1t a Szolg\u00e1ltat\u00f3 a saj\u00e1t weboldal\u00e1n teszi k\u00f6zz\u00e9, valamint a Vend\u00e9gnek a szerz\u0151d\u00e9s l\u00e9trej\u00f6tt\u00e9t k\u00f6vet\u0151en e-mailben megk\u00fcldi.<\/p><h2><strong>M\u00f3dos\u00edt\u00e1sok \u00e9s lemond\u00e1s<\/strong><\/h2><p>A Vend\u00e9g a szerz\u0151d\u00e9st az \u00e9rkez\u00e9s el\u0151tti 14 napon bel\u00fcl ingyenesen m\u00f3dos\u00edthatja vagy lemondhatja. Amennyiben a Vend\u00e9g a m\u00f3dos\u00edt\u00e1st vagy lemond\u00e1st az \u00e9rkez\u00e9s el\u0151tti 14 napon bel\u00fcl kevesebb id\u0151vel jelzi, a Szolg\u00e1ltat\u00f3 jogosult a k\u00f6vetkez\u0151k\u00e9ppen elsz\u00e1molni a Vend\u00e9gnek:<\/p><ul><li>Az \u00e9rkez\u00e9s el\u0151tti 14. \u00e9s 7. napon bel\u00fcli m\u00f3dos\u00edt\u00e1s vagy lemond\u00e1s eset\u00e9n a Szolg\u00e1ltat\u00f3 a teljes sz\u00e1ll\u00e1sd\u00edj 30%-\u00e1t sz\u00e1molhatja fel k\u00f6tb\u00e9rk\u00e9nt.<\/li><li>Az \u00e9rkez\u00e9s el\u0151tti 7. napon bel\u00fcli m\u00f3dos\u00edt\u00e1s vagy lemond\u00e1s eset\u00e9n, illetve a megrendelt szolg\u00e1ltat\u00e1sok nem ig\u00e9nybev\u00e9tele eset\u00e9n a Szolg\u00e1ltat\u00f3 a teljes sz\u00e1ll\u00e1sd\u00edj 100%-\u00e1t sz\u00e1molhatja fel k\u00f6tb\u00e9rk\u00e9nt.<\/li><\/ul><p>A Szolg\u00e1ltat\u00f3 jogosult a szerz\u0151d\u00e9st m\u00f3dos\u00edtani vagy lemondani, ha azt a Szolg\u00e1ltat\u00f3 nem tudja teljes\u00edteni az al\u00e1bbi okok miatt:<\/p><ul><li>Term\u00e9szeti katasztr\u00f3fa, t\u0171z, h\u00e1bor\u00fa vagy m\u00e1s, a Szolg\u00e1ltat\u00f3 \u00e1ltal nem befoly\u00e1solhat\u00f3 k\u00f6r\u00fclm\u00e9ny.<\/li><li>A sz\u00e1ll\u00e1shely rendelkez\u00e9sre \u00e1ll\u00e1s\u00e1nak hi\u00e1nya olyan okok miatt, amelyek\u00e9rt a Szolg\u00e1ltat\u00f3 nem felel\u0151s.<\/li><li>A Vend\u00e9g nem fizeti meg a sz\u00e1ll\u00e1sd\u00edjat a hat\u00e1rid\u0151n bel\u00fcl.<\/li><li>A Vend\u00e9g a H\u00e1zirend vagy az \u00c1SZF rendelkez\u00e9seit megs\u00e9rti, \u00e9s ezen megszeg\u00e9s miatt a Szolg\u00e1ltat\u00f3 jogosult a szerz\u0151d\u00e9st azonnal felmondani.<\/li><\/ul><p>Ha a Szolg\u00e1ltat\u00f3 a szerz\u0151d\u00e9st m\u00f3dos\u00edtja vagy lemondja, azonnal \u00e9rtes\u00edti err\u0151l a Vend\u00e9get, \u00e9s az \u00e1ltala m\u00e1r kifizetett \u00f6sszeget visszat\u00e9r\u00edti a Vend\u00e9gnek. A Szolg\u00e1ltat\u00f3 felel\u0151ss\u00e9ge ezen fel\u00fcl nem terjed ki a Vend\u00e9g fel\u00e9.<\/p><h2><strong>Felel\u0151ss\u00e9g \u00e9s panaszok<\/strong><\/h2><p>A Vend\u00e9g a sz\u00e1ll\u00e1shelyen keletkezett k\u00e1rok\u00e9rt, illetve azok\u00e9rt a cselekedetek\u00e9rt vagy mulaszt\u00e1sok\u00e9rt, amelyek a Szolg\u00e1ltat\u00f3 szab\u00e1lyzatainak vagy az \u00c1SZF rendelkez\u00e9seinek megszeg\u00e9s\u00e9b\u0151l ad\u00f3dnak, teljes k\u00f6r\u0171 anyagi felel\u0151ss\u00e9ggel tartozik a Szolg\u00e1ltat\u00f3 fel\u00e9. A Szolg\u00e1ltat\u00f3 nem v\u00e1llal felel\u0151ss\u00e9get semmilyen olyan esetleges k\u00e1r\u00e9rt vagy vesztes\u00e9g\u00e9rt, amely a Szolg\u00e1ltat\u00f3 ellen\u0151rz\u00e9se al\u00e1 tartoz\u00f3 k\u00f6r\u00fclm\u00e9nyek miatt k\u00f6vetkezik be, p\u00e9ld\u00e1ul \u00e1ramkimarad\u00e1s, v\u00edzhi\u00e1ny vagy internetszolg\u00e1ltat\u00e1s megszakad\u00e1sa eset\u00e9n.<\/p><p>Amennyiben a Vend\u00e9g b\u00e1rmilyen panasszal \u00e9l a szolg\u00e1ltat\u00e1ssal kapcsolatban, k\u00f6teles azt azonnal jelezni a Szolg\u00e1ltat\u00f3nak, hogy az a panaszra lehet\u0151s\u00e9get kapjon a probl\u00e9ma megold\u00e1s\u00e1ra.<\/p><h2><strong>Adatv\u00e9delem<\/strong><\/h2><p>A Szolg\u00e1ltat\u00f3 a Vend\u00e9g \u00e1ltal rendelkez\u00e9sre bocs\u00e1tott szem\u00e9lyes adatokat a hat\u00e1lyos adatv\u00e9delmi szab\u00e1lyoknak megfelel\u0151en kezeli. A Szolg\u00e1ltat\u00f3 adatv\u00e9delmi t\u00e1j\u00e9koztat\u00f3ja el\u00e9rhet\u0151 a weboldal\u00e1n.<\/p><h2><strong>Z\u00e1r\u00f3 rendelkez\u00e9sek<\/strong><\/h2><p>Ezen \u00c1ltal\u00e1nos Szerz\u0151d\u00e9si Felt\u00e9telek b\u00e1rmilyen v\u00e1ltoztat\u00e1sa csak \u00edr\u00e1sban k\u00f6t\u00f6tt meg\u00e1llapod\u00e1s \u00fatj\u00e1n \u00e9rv\u00e9nyes. A felek k\u00f6z\u00f6tti szerz\u0151d\u00e9ses kapcsolatot kiz\u00e1r\u00f3lag magyar jog szab\u00e1lyozza. A felek a vit\u00e1s \u00fcgyek eld\u00f6nt\u00e9s\u00e9re a magyar b\u00edr\u00f3s\u00e1gokat v\u00e1lasztj\u00e1k.<\/p><p>A jelen dokumentumot a Vend\u00e9g elfogadja a sz\u00e1ll\u00e1sd\u00edj megfizet\u00e9s\u00e9vel, illetve az aj\u00e1nlatk\u00e9r\u00e9s elk\u00fcld\u00e9s\u00e9vel, \u00e9s azt k\u00f6telez\u0151 \u00e9rv\u00e9ny\u0171nek tekinti.<\/p><p>A Szolg\u00e1ltat\u00f3 \u00e9s a Vend\u00e9g az \u00c1ltal\u00e1nos Szerz\u0151d\u00e9si Felt\u00e9teleket kinyomtatott vagy m\u00e1s m\u00f3don r\u00f6gz\u00edtett p\u00e9ld\u00e1nyban nem \u00edr\u00e1sban megk\u00f6theti.<\/p><p>A felek al\u00e1\u00edr\u00e1sukkal \u00e9s\/vagy az e-mailben vagy \u00edr\u00e1sban k\u00fcld\u00f6tt aj\u00e1nlatk\u00e9r\u00e9s\u00fckkel \u00e9s visszaigazol\u00e1sukkal kijelentik, hogy elolvast\u00e1k, meg\u00e9rtett\u00e9k \u00e9s elfogadt\u00e1k az \u00c1ltal\u00e1nos Szerz\u0151d\u00e9si Felt\u00e9teleket, \u00e9s k\u00f6telez\u0151 \u00e9rv\u00e9ny\u0171nek tekintik azokat.<\/p><p>Az \u00c1ltal\u00e1nos Szerz\u0151d\u00e9si Felt\u00e9telek elfogad\u00e1s\u00e1val a Vend\u00e9g hozz\u00e1j\u00e1rul ahhoz, hogy a Szolg\u00e1ltat\u00f3 a szem\u00e9lyes adatait a vonatkoz\u00f3 adatv\u00e9delmi t\u00f6rv\u00e9nyek \u00e9s az \u00c1SZF rendelkez\u00e9sei szerint kezelje.<\/p>\t\t\t\t\t\t\t\t<\/div>\n\t\t\t\t<\/div>\n\t\t\t\t\t<\/div>\n\t\t<\/div>\n\t\t\t\t\t<\/div>\n\t\t<\/section>\n\t\t\t\t<\/div>","protected":false},"excerpt":{"rendered":"<p>\u00c1ltal\u00e1nos Szerz\u0151d\u00e9si felt\u00e9telek (\u00c1SZF) Ezen \u00c1ltal\u00e1nos Szerz\u0151d\u00e9ses Felt\u00e9telek (tov\u00e1bbiakban \u00c1SZF) a magyarhertelendi Calm Resort Hertelend vend\u00e9gh\u00e1z (C\u00edm: 7394 Magyarhertelend, P\u00e1fr\u00e1ny utca 13., NTAK regisztr\u00e1ci\u00f3s sz\u00e1m: EG23083684, (\u00dczemeltet\u0151: Press Komm Kft.) tov\u00e1bbiakban: Vend\u00e9gh\u00e1z vagy Szolg\u00e1ltat\u00f3) \u00e9s a Vend\u00e9g k\u00f6z\u00f6tt l\u00e9trej\u00f6v\u0151 sz\u00e1ll\u00e1shely-szolg\u00e1ltat\u00e1si szerz\u0151d\u00e9s alapj\u00e1ul szolg\u00e1lnak. Ezen \u00c1SZF nem tartalmaz egyedi felt\u00e9teleket, azonban nem z\u00e1rja ki a speci\u00e1lis [&hellip;]<\/p>","protected":false},"author":1,"featured_media":0,"parent":0,"menu_order":0,"comment_status":"closed","ping_status":"closed","template":"elementor_header_footer","meta":{"_monsterinsights_skip_tracking":false,"_monsterinsights_sitenote_active":false,"_monsterinsights_sitenote_note":"","_monsterinsights_sitenote_category":0,"footnotes":""},"class_list":["post-4293","page","type-page","status-publish","hentry"],"yoast_head":"<!-- This site is optimized with the Yoast SEO Premium plugin v24.4 (Yoast SEO v24.4) - https:\/\/yoast.com\/wordpress\/plugins\/seo\/ -->\n<title>\u00c1SZF | Calm Resort Hertelend<\/title>\n<meta name=\"description\" content=\"Az \u00c1ltal\u00e1nos Szerz\u0151d\u00e9si Felt\u00e9telek (\u00c1SZF) a Calm Resort Hertelend wellness apartmansz\u00e1ll\u00e1sunk vend\u00e9geinkkel k\u00f6t\u00f6tt szerz\u0151d\u00e9s\u00fcnk. J\u00f6jj\u00f6n el!\" \/>\n<meta name=\"robots\" content=\"index, follow, max-snippet:-1, max-image-preview:large, max-video-preview:-1\" \/>\n<link rel=\"canonical\" href=\"https:\/\/calmresort.hu\/en\/general-terms-and-conditions\/\" \/>\n<meta property=\"og:locale\" content=\"en_US\" \/>\n<meta property=\"og:type\" content=\"article\" \/>\n<meta property=\"og:title\" content=\"\u00c1SZF\" \/>\n<meta property=\"og:description\" content=\"Az \u00c1ltal\u00e1nos Szerz\u0151d\u00e9si Felt\u00e9telek (\u00c1SZF) a Calm Resort Hertelend wellness apartmansz\u00e1ll\u00e1sunk vend\u00e9geinkkel k\u00f6t\u00f6tt szerz\u0151d\u00e9s\u00fcnk. J\u00f6jj\u00f6n el!\" \/>\n<meta property=\"og:url\" content=\"https:\/\/calmresort.hu\/en\/general-terms-and-conditions\/\" \/>\n<meta property=\"og:site_name\" content=\"Calm Resort Hertelend\" \/>\n<meta property=\"article:publisher\" content=\"https:\/\/www.facebook.com\/CalmResortHertelend\" \/>\n<meta property=\"article:modified_time\" content=\"2024-07-01T12:03:55+00:00\" \/>\n<meta property=\"og:image\" content=\"https:\/\/calmresort.hu\/wp-content\/uploads\/2023\/09\/CR_Logo2.webp\" \/>\n\t<meta property=\"og:image:width\" content=\"1000\" \/>\n\t<meta property=\"og:image:height\" content=\"1000\" \/>\n\t<meta property=\"og:image:type\" content=\"image\/webp\" \/>\n<meta name=\"twitter:card\" content=\"summary_large_image\" \/>\n<meta name=\"twitter:label1\" content=\"Est. reading time\" \/>\n\t<meta name=\"twitter:data1\" content=\"6 minutes\" \/>\n<script type=\"application\/ld+json\" class=\"yoast-schema-graph\">{\"@context\":\"https:\/\/schema.org\",\"@graph\":[{\"@type\":\"WebPage\",\"@id\":\"https:\/\/calmresort.hu\/altalanos-szerzodesi-feltetelek\/\",\"url\":\"https:\/\/calmresort.hu\/altalanos-szerzodesi-feltetelek\/\",\"name\":\"\u00c1SZF | Calm Resort Hertelend\",\"isPartOf\":{\"@id\":\"https:\/\/calmresort.hu\/#website\"},\"datePublished\":\"2023-10-16T18:27:02+00:00\",\"dateModified\":\"2024-07-01T12:03:55+00:00\",\"description\":\"Az \u00c1ltal\u00e1nos Szerz\u0151d\u00e9si Felt\u00e9telek (\u00c1SZF) a Calm Resort Hertelend wellness apartmansz\u00e1ll\u00e1sunk vend\u00e9geinkkel k\u00f6t\u00f6tt szerz\u0151d\u00e9s\u00fcnk. J\u00f6jj\u00f6n el!\",\"breadcrumb\":{\"@id\":\"https:\/\/calmresort.hu\/altalanos-szerzodesi-feltetelek\/#breadcrumb\"},\"inLanguage\":\"en-US\",\"potentialAction\":[{\"@type\":\"ReadAction\",\"target\":[\"https:\/\/calmresort.hu\/altalanos-szerzodesi-feltetelek\/\"]}]},{\"@type\":\"BreadcrumbList\",\"@id\":\"https:\/\/calmresort.hu\/altalanos-szerzodesi-feltetelek\/#breadcrumb\",\"itemListElement\":[{\"@type\":\"ListItem\",\"position\":1,\"name\":\"Kezd\u0151lap\",\"item\":\"https:\/\/calmresort.hu\/\"},{\"@type\":\"ListItem\",\"position\":2,\"name\":\"\u00c1SZF\"}]},{\"@type\":\"WebSite\",\"@id\":\"https:\/\/calmresort.hu\/#website\",\"url\":\"https:\/\/calmresort.hu\/\",\"name\":\"Calm Resort Hertelend\",\"description\":\"Erd\u0151sz\u00e9li nyugalom \u00e9s wellness a Mecsek l\u00e1b\u00e1n\u00e1l.\",\"publisher\":{\"@id\":\"https:\/\/calmresort.hu\/#organization\"},\"alternateName\":\"Csal\u00e1di apartmanok\",\"potentialAction\":[{\"@type\":\"SearchAction\",\"target\":{\"@type\":\"EntryPoint\",\"urlTemplate\":\"https:\/\/calmresort.hu\/?s={search_term_string}\"},\"query-input\":{\"@type\":\"PropertyValueSpecification\",\"valueRequired\":true,\"valueName\":\"search_term_string\"}}],\"inLanguage\":\"en-US\"},{\"@type\":\"Organization\",\"@id\":\"https:\/\/calmresort.hu\/#organization\",\"name\":\"Calm Resort Hertelend\",\"url\":\"https:\/\/calmresort.hu\/\",\"logo\":{\"@type\":\"ImageObject\",\"inLanguage\":\"en-US\",\"@id\":\"https:\/\/calmresort.hu\/#\/schema\/logo\/image\/\",\"url\":\"https:\/\/calmresort.hu\/wp-content\/uploads\/2024\/01\/CR_Logo2.png\",\"contentUrl\":\"https:\/\/calmresort.hu\/wp-content\/uploads\/2024\/01\/CR_Logo2.png\",\"width\":1000,\"height\":1000,\"caption\":\"Calm Resort Hertelend\"},\"image\":{\"@id\":\"https:\/\/calmresort.hu\/#\/schema\/logo\/image\/\"},\"sameAs\":[\"https:\/\/www.facebook.com\/CalmResortHertelend\",\"https:\/\/www.instagram.com\/calmresorthertelend\/\"],\"publishingPrinciples\":\"https:\/\/calmresort.hu\/informaciok\/hazirend\/\",\"ownershipFundingInfo\":\"https:\/\/calmresort.hu\/informaciok\/\",\"actionableFeedbackPolicy\":\"https:\/\/calmresort.hu\/altalanos-szerzodesi-feltetelek\/\"}]}<\/script>\n<!-- \/ Yoast SEO Premium plugin. -->","yoast_head_json":{"title":"\u00c1SZF | Calm Resort Hertelend","description":"Az \u00c1ltal\u00e1nos Szerz\u0151d\u00e9si Felt\u00e9telek (\u00c1SZF) a Calm Resort Hertelend wellness apartmansz\u00e1ll\u00e1sunk vend\u00e9geinkkel k\u00f6t\u00f6tt szerz\u0151d\u00e9s\u00fcnk. J\u00f6jj\u00f6n el!","robots":{"index":"index","follow":"follow","max-snippet":"max-snippet:-1","max-image-preview":"max-image-preview:large","max-video-preview":"max-video-preview:-1"},"canonical":"https:\/\/calmresort.hu\/en\/general-terms-and-conditions\/","og_locale":"en_US","og_type":"article","og_title":"\u00c1SZF","og_description":"Az \u00c1ltal\u00e1nos Szerz\u0151d\u00e9si Felt\u00e9telek (\u00c1SZF) a Calm Resort Hertelend wellness apartmansz\u00e1ll\u00e1sunk vend\u00e9geinkkel k\u00f6t\u00f6tt szerz\u0151d\u00e9s\u00fcnk. J\u00f6jj\u00f6n el!","og_url":"https:\/\/calmresort.hu\/en\/general-terms-and-conditions\/","og_site_name":"Calm Resort Hertelend","article_publisher":"https:\/\/www.facebook.com\/CalmResortHertelend","article_modified_time":"2024-07-01T12:03:55+00:00","og_image":[{"width":1000,"height":1000,"url":"https:\/\/calmresort.hu\/wp-content\/uploads\/2023\/09\/CR_Logo2.webp","type":"image\/webp"}],"twitter_card":"summary_large_image","twitter_misc":{"Est. reading time":"6 minutes"},"schema":{"@context":"https:\/\/schema.org","@graph":[{"@type":"WebPage","@id":"https:\/\/calmresort.hu\/altalanos-szerzodesi-feltetelek\/","url":"https:\/\/calmresort.hu\/altalanos-szerzodesi-feltetelek\/","name":"\u00c1SZF | Calm Resort Hertelend","isPartOf":{"@id":"https:\/\/calmresort.hu\/#website"},"datePublished":"2023-10-16T18:27:02+00:00","dateModified":"2024-07-01T12:03:55+00:00","description":"Az \u00c1ltal\u00e1nos Szerz\u0151d\u00e9si Felt\u00e9telek (\u00c1SZF) a Calm Resort Hertelend wellness apartmansz\u00e1ll\u00e1sunk vend\u00e9geinkkel k\u00f6t\u00f6tt szerz\u0151d\u00e9s\u00fcnk. J\u00f6jj\u00f6n el!","breadcrumb":{"@id":"https:\/\/calmresort.hu\/altalanos-szerzodesi-feltetelek\/#breadcrumb"},"inLanguage":"en-US","potentialAction":[{"@type":"ReadAction","target":["https:\/\/calmresort.hu\/altalanos-szerzodesi-feltetelek\/"]}]},{"@type":"BreadcrumbList","@id":"https:\/\/calmresort.hu\/altalanos-szerzodesi-feltetelek\/#breadcrumb","itemListElement":[{"@type":"ListItem","position":1,"name":"Kezd\u0151lap","item":"https:\/\/calmresort.hu\/"},{"@type":"ListItem","position":2,"name":"\u00c1SZF"}]},{"@type":"WebSite","@id":"https:\/\/calmresort.hu\/#website","url":"https:\/\/calmresort.hu\/","name":"Calm Resort Hertelend","description":"Erd\u0151sz\u00e9li nyugalom \u00e9s wellness a Mecsek l\u00e1b\u00e1n\u00e1l.","publisher":{"@id":"https:\/\/calmresort.hu\/#organization"},"alternateName":"Csal\u00e1di apartmanok","potentialAction":[{"@type":"SearchAction","target":{"@type":"EntryPoint","urlTemplate":"https:\/\/calmresort.hu\/?s={search_term_string}"},"query-input":{"@type":"PropertyValueSpecification","valueRequired":true,"valueName":"search_term_string"}}],"inLanguage":"en-US"},{"@type":"Organization","@id":"https:\/\/calmresort.hu\/#organization","name":"Calm Resort Hertelend","url":"https:\/\/calmresort.hu\/","logo":{"@type":"ImageObject","inLanguage":"en-US","@id":"https:\/\/calmresort.hu\/#\/schema\/logo\/image\/","url":"https:\/\/calmresort.hu\/wp-content\/uploads\/2024\/01\/CR_Logo2.png","contentUrl":"https:\/\/calmresort.hu\/wp-content\/uploads\/2024\/01\/CR_Logo2.png","width":1000,"height":1000,"caption":"Calm Resort Hertelend"},"image":{"@id":"https:\/\/calmresort.hu\/#\/schema\/logo\/image\/"},"sameAs":["https:\/\/www.facebook.com\/CalmResortHertelend","https:\/\/www.instagram.com\/calmresorthertelend\/"],"publishingPrinciples":"https:\/\/calmresort.hu\/informaciok\/hazirend\/","ownershipFundingInfo":"https:\/\/calmresort.hu\/informaciok\/","actionableFeedbackPolicy":"https:\/\/calmresort.hu\/altalanos-szerzodesi-feltetelek\/"}]}},"_links":{"self":[{"href":"https:\/\/calmresort.hu\/en\/wp-json\/wp\/v2\/pages\/4293","targetHints":{"allow":["GET"]}}],"collection":[{"href":"https:\/\/calmresort.hu\/en\/wp-json\/wp\/v2\/pages"}],"about":[{"href":"https:\/\/calmresort.hu\/en\/wp-json\/wp\/v2\/types\/page"}],"author":[{"embeddable":true,"href":"https:\/\/calmresort.hu\/en\/wp-json\/wp\/v2\/users\/1"}],"replies":[{"embeddable":true,"href":"https:\/\/calmresort.hu\/en\/wp-json\/wp\/v2\/comments?post=4293"}],"version-history":[{"count":22,"href":"https:\/\/calmresort.hu\/en\/wp-json\/wp\/v2\/pages\/4293\/revisions"}],"predecessor-version":[{"id":5205,"href":"https:\/\/calmresort.hu\/en\/wp-json\/wp\/v2\/pages\/4293\/revisions\/5205"}],"wp:attachment":[{"href":"https:\/\/calmresort.hu\/en\/wp-json\/wp\/v2\/media?parent=4293"}],"curies":[{"name":"wp","href":"https:\/\/api.w.org\/{rel}","templated":true}]}}