{"id":5295,"date":"2024-10-09T18:01:43","date_gmt":"2024-10-09T16:01:43","guid":{"rendered":"https:\/\/calmresort.hu\/?page_id=5295"},"modified":"2025-02-15T13:25:19","modified_gmt":"2025-02-15T11:25:19","slug":"blog","status":"publish","type":"page","link":"https:\/\/calmresort.hu\/en\/blog\/","title":{"rendered":"Blog"},"content":{"rendered":"<div data-elementor-type=\"wp-page\" data-elementor-id=\"5295\" class=\"elementor elementor-5295\" data-elementor-post-type=\"page\">\n\t\t\t\t\t\t<section class=\"elementor-section elementor-top-section elementor-element elementor-element-e796972 elementor-section-boxed elementor-section-height-default elementor-section-height-default\" data-id=\"e796972\" data-element_type=\"section\" data-settings=\"{&quot;jet_parallax_layout_list&quot;:[]}\">\n\t\t\t\t\t\t<div class=\"elementor-container elementor-column-gap-default\">\n\t\t\t\t\t<div class=\"elementor-column elementor-col-100 elementor-top-column elementor-element elementor-element-462e803\" data-id=\"462e803\" data-element_type=\"column\">\n\t\t\t<div class=\"elementor-widget-wrap elementor-element-populated\">\n\t\t\t\t\t\t<div class=\"elementor-element elementor-element-eacd7ac elementor-widget elementor-widget-shortcode\" data-id=\"eacd7ac\" data-element_type=\"widget\" data-widget_type=\"shortcode.default\">\n\t\t\t\t<div class=\"elementor-widget-container\">\n\t\t\t\t\t\t\t<div class=\"elementor-shortcode\"><div class=\"bdpp-wrap bdpp-lite bdpp-post-grid-wrap bdpp-post-data-wrap bdpp-design-1 bdpp-grid-2  bdpp-clearfix\" id=\"bdpp-post-grid-1\">\r\n\t<div class=\"bdpp-post-grid-inr-wrap bdpp-post-data-inr-wrap bdpp-clearfix\"><div class=\"bdpp-post-grid bdpp-col-2 bdpp-columns bdpp-post-5502 bdpp-post-standard bdpp-first bdpp-has-thumb\">\r\n\t<div class=\"bdpp-post-grid-content\">\r\n\t\t\t\t<div class=\"bdpp-post-img-bg\">\r\n\t\t\t<a href=\"https:\/\/calmresort.hu\/en\/fedezd-fel-a-mecsek-legszebb-turautvonalait\/\">\r\n\t\t\t\t<img decoding=\"async\" src=\"https:\/\/calmresort.hu\/wp-content\/uploads\/2025\/02\/AdobeStock_211148293-scaled-e1740304552611.webp\" class=\"bdpp-img bdpp-post-feat-img\" alt=\"Fedezd fel a Mecsek legszebb t\u00fara\u00fatvonalait!\" \/>\r\n\t\t\t\t\t\t\t<\/a>\r\n\t\t<\/div>\r\n\t\t\t\t<div class=\"bdpp-post-cats\"><a class=\"bdpp-post-cat-link bdpp-post-cat-1 bdpp-post-cat-programok\" href=\"https:\/\/calmresort.hu\/en\/category\/programs\/\">Programmes<\/a><\/div>\r\n\t\t\r\n\t\t<h2 class=\"bdpp-post-title\">\r\n\t\t\t<a href=\"https:\/\/calmresort.hu\/en\/fedezd-fel-a-mecsek-legszebb-turautvonalait\/\">Fedezd fel a Mecsek legszebb t\u00fara\u00fatvonalait!<\/a>\r\n\t\t<\/h2>\r\n\r\n\t\t\t\t<div class=\"bdpp-post-meta bdpp-post-meta-up\">\r\n\t\t\t<span class=\"bdpp-post-meta-data bdpp-post-author\"><i class=\"fa fa-user\"><\/i>Bezzegh Kriszti\u00e1n<\/span><span class=\"bdpp-post-meta-sep\"> &ndash; <\/span><span class=\"bdpp-post-meta-data bdpp-post-date\"><i class=\"fa fa-clock-o\"><\/i>2025.02.23.<\/span>\t\t<\/div>\r\n\t\t\t\t<div class=\"bdpp-post-content\">\r\n\t\t\t<div class=\"bdpp-post-desc\">A\u00a0Mecsek \u00e9s a Vill\u00e1nyi-hegys\u00e9g\u00a0v\u00e1ltozatos t\u00fara\u00fatvonalakat k\u00edn\u00e1l az akt\u00edv kikapcsol\u00f3d\u00e1s szerelmeseinek. Legyen sz\u00f3 erdei \u00f6sv\u00e9nyekr\u0151l, fest\u0151i kil\u00e1t\u00f3kr\u00f3l, t\u00f6rt\u00e9nelmi eml\u00e9khelyekr\u0151l vagy csal\u00e1di kir\u00e1ndul\u00e1sokr\u00f3l, mindenki megtal\u00e1lja a sz\u00e1m\u00e1ra t\u00f6k\u00e9letes \u00fatvonalat. A Mecsek t\u00far\u00e1z\u00e1s...<\/div>\r\n\t\t\t\t\t\t<a href=\"https:\/\/calmresort.hu\/en\/fedezd-fel-a-mecsek-legszebb-turautvonalait\/\" class=\"bdpp-rdmr-btn\">Read More<\/a>\r\n\t\t\t\t\t<\/div>\r\n\t\t\t<\/div>\r\n<\/div><div class=\"bdpp-post-grid bdpp-col-2 bdpp-columns bdpp-post-5496 bdpp-post-standard bdpp-has-thumb\">\r\n\t<div class=\"bdpp-post-grid-content\">\r\n\t\t\t\t<div class=\"bdpp-post-img-bg\">\r\n\t\t\t<a href=\"https:\/\/calmresort.hu\/en\/orfu-a-mecsek-gyongyszeme\/\">\r\n\t\t\t\t<img decoding=\"async\" src=\"https:\/\/calmresort.hu\/wp-content\/uploads\/2025\/02\/orfu.webp\" class=\"bdpp-img bdpp-post-feat-img\" alt=\"Orf\u0171 \u2013 A Mecsek gy\u00f6ngyszeme\" \/>\r\n\t\t\t\t\t\t\t<\/a>\r\n\t\t<\/div>\r\n\t\t\t\t<div class=\"bdpp-post-cats\"><a class=\"bdpp-post-cat-link bdpp-post-cat-1 bdpp-post-cat-programok\" href=\"https:\/\/calmresort.hu\/en\/category\/programs\/\">Programmes<\/a><\/div>\r\n\t\t\r\n\t\t<h2 class=\"bdpp-post-title\">\r\n\t\t\t<a href=\"https:\/\/calmresort.hu\/en\/orfu-a-mecsek-gyongyszeme\/\">Orf\u0171 \u2013 A Mecsek gy\u00f6ngyszeme<\/a>\r\n\t\t<\/h2>\r\n\r\n\t\t\t\t<div class=\"bdpp-post-meta bdpp-post-meta-up\">\r\n\t\t\t<span class=\"bdpp-post-meta-data bdpp-post-author\"><i class=\"fa fa-user\"><\/i>Bezzegh Kriszti\u00e1n<\/span><span class=\"bdpp-post-meta-sep\"> &ndash; <\/span><span class=\"bdpp-post-meta-data bdpp-post-date\"><i class=\"fa fa-clock-o\"><\/i>2025.02.23.<\/span>\t\t<\/div>\r\n\t\t\t\t<div class=\"bdpp-post-content\">\r\n\t\t\t<div class=\"bdpp-post-desc\">A Mecsek hegyei k\u00f6z\u00f6tt megb\u00fav\u00f3\u00a0Orf\u0171\u00a0egy igazi term\u00e9szeti kincs, amely a kir\u00e1ndul\u00f3k, v\u00edzi sportok szerelmesei \u00e9s a nyugalmat keres\u0151k kedvelt \u00fati c\u00e9lja. Az\u00a0orf\u0171i t\u00f3rendszer\u00a0kialak\u00edt\u00e1sa az 1960-as \u00e9vek elej\u00e9n kezd\u0151d\u00f6tt, c\u00e9lja a...<\/div>\r\n\t\t\t\t\t\t<a href=\"https:\/\/calmresort.hu\/en\/orfu-a-mecsek-gyongyszeme\/\" class=\"bdpp-rdmr-btn\">Read More<\/a>\r\n\t\t\t\t\t<\/div>\r\n\t\t\t<\/div>\r\n<\/div><div class=\"bdpp-post-grid bdpp-col-2 bdpp-columns bdpp-post-5489 bdpp-post-standard bdpp-first bdpp-has-thumb\">\r\n\t<div class=\"bdpp-post-grid-content\">\r\n\t\t\t\t<div class=\"bdpp-post-img-bg\">\r\n\t\t\t<a href=\"https:\/\/calmresort.hu\/en\/quadrenalin-adrenalinbomba-quad-turak-a-mecsekben\/\">\r\n\t\t\t\t<img decoding=\"async\" src=\"https:\/\/calmresort.hu\/wp-content\/uploads\/2025\/02\/Quadrenalin_Quad_6-2.webp\" class=\"bdpp-img bdpp-post-feat-img\" alt=\"Quadrenalin \u2013 Adrenalinbomba Quad T\u00far\u00e1k a Mecsekben\" \/>\r\n\t\t\t\t\t\t\t<\/a>\r\n\t\t<\/div>\r\n\t\t\t\t<div class=\"bdpp-post-cats\"><a class=\"bdpp-post-cat-link bdpp-post-cat-1 bdpp-post-cat-programok\" href=\"https:\/\/calmresort.hu\/en\/category\/programs\/\">Programmes<\/a><\/div>\r\n\t\t\r\n\t\t<h2 class=\"bdpp-post-title\">\r\n\t\t\t<a href=\"https:\/\/calmresort.hu\/en\/quadrenalin-adrenalinbomba-quad-turak-a-mecsekben\/\">Quadrenalin \u2013 Adrenalinbomba Quad T\u00far\u00e1k a Mecsekben<\/a>\r\n\t\t<\/h2>\r\n\r\n\t\t\t\t<div class=\"bdpp-post-meta bdpp-post-meta-up\">\r\n\t\t\t<span class=\"bdpp-post-meta-data bdpp-post-author\"><i class=\"fa fa-user\"><\/i>Bezzegh Kriszti\u00e1n<\/span><span class=\"bdpp-post-meta-sep\"> &ndash; <\/span><span class=\"bdpp-post-meta-data bdpp-post-date\"><i class=\"fa fa-clock-o\"><\/i>2025.02.15.<\/span>\t\t<\/div>\r\n\t\t\t\t<div class=\"bdpp-post-content\">\r\n\t\t\t<div class=\"bdpp-post-desc\">A\u00a0Quadrenalin\u00a0egy izgalmas \u00e9s kalandokkal teli quad t\u00faraszolg\u00e1ltat\u00e1s, amely a fest\u0151i Mecsek hegys\u00e9gben, Magyarhertelenden tal\u00e1lhat\u00f3. A v\u00e1llalkoz\u00e1s c\u00e9lja, hogy felejthetetlen \u00e9lm\u00e9nyeket ny\u00fajtson mind a csal\u00e1doknak, mind a bar\u00e1ti t\u00e1rsas\u00e1goknak, valamint c\u00e9ges...<\/div>\r\n\t\t\t\t\t\t<a href=\"https:\/\/calmresort.hu\/en\/quadrenalin-adrenalinbomba-quad-turak-a-mecsekben\/\" class=\"bdpp-rdmr-btn\">Read More<\/a>\r\n\t\t\t\t\t<\/div>\r\n\t\t\t<\/div>\r\n<\/div><div class=\"bdpp-post-grid bdpp-col-2 bdpp-columns bdpp-post-5485 bdpp-post-standard bdpp-has-thumb\">\r\n\t<div class=\"bdpp-post-grid-content\">\r\n\t\t\t\t<div class=\"bdpp-post-img-bg\">\r\n\t\t\t<a href=\"https:\/\/calmresort.hu\/en\/hertelendi-termalfurdo-es-szaunapark\/\">\r\n\t\t\t\t<img decoding=\"async\" src=\"https:\/\/calmresort.hu\/wp-content\/uploads\/2025\/02\/termal-1.webp\" class=\"bdpp-img bdpp-post-feat-img\" alt=\"Hertelendi Term\u00e1lf\u00fcrd\u0151 \u00e9s Szaunapark\" \/>\r\n\t\t\t\t\t\t\t<\/a>\r\n\t\t<\/div>\r\n\t\t\t\t<div class=\"bdpp-post-cats\"><a class=\"bdpp-post-cat-link bdpp-post-cat-1 bdpp-post-cat-programok\" href=\"https:\/\/calmresort.hu\/en\/category\/programs\/\">Programmes<\/a><\/div>\r\n\t\t\r\n\t\t<h2 class=\"bdpp-post-title\">\r\n\t\t\t<a href=\"https:\/\/calmresort.hu\/en\/hertelendi-termalfurdo-es-szaunapark\/\">Hertelendi Term\u00e1lf\u00fcrd\u0151 \u00e9s Szaunapark<\/a>\r\n\t\t<\/h2>\r\n\r\n\t\t\t\t<div class=\"bdpp-post-meta bdpp-post-meta-up\">\r\n\t\t\t<span class=\"bdpp-post-meta-data bdpp-post-author\"><i class=\"fa fa-user\"><\/i>Bezzegh Kriszti\u00e1n<\/span><span class=\"bdpp-post-meta-sep\"> &ndash; <\/span><span class=\"bdpp-post-meta-data bdpp-post-date\"><i class=\"fa fa-clock-o\"><\/i>2025.02.15.<\/span>\t\t<\/div>\r\n\t\t\t\t<div class=\"bdpp-post-content\">\r\n\t\t\t<div class=\"bdpp-post-desc\">A Hertelendi Term\u00e1lf\u00fcrd\u0151 \u00e9s Szaunapark a fest\u0151i Magyarhertelenden, P\u00e9cst\u0151l mind\u00f6ssze 20 km-re tal\u00e1lhat\u00f3, \u00e9s eg\u00e9sz \u00e9vben v\u00e1rja a pihenni v\u00e1gy\u00f3kat. A f\u00fcrd\u0151 2007 \u00f3ta folyamatos fejleszt\u00e9seken esett \u00e1t, \u00edgy m\u00e1ra...<\/div>\r\n\t\t\t\t\t\t<a href=\"https:\/\/calmresort.hu\/en\/hertelendi-termalfurdo-es-szaunapark\/\" class=\"bdpp-rdmr-btn\">Read More<\/a>\r\n\t\t\t\t\t<\/div>\r\n\t\t\t<\/div>\r\n<\/div><div class=\"bdpp-post-grid bdpp-col-2 bdpp-columns bdpp-post-5475 bdpp-post-standard bdpp-first bdpp-has-thumb\">\r\n\t<div class=\"bdpp-post-grid-content\">\r\n\t\t\t\t<div class=\"bdpp-post-img-bg\">\r\n\t\t\t<a href=\"https:\/\/calmresort.hu\/en\/erdoszeli-nyugalom-es-felejthetetlen-csaladi-elmenyek\/\">\r\n\t\t\t\t<img decoding=\"async\" src=\"https:\/\/calmresort.hu\/wp-content\/uploads\/2024\/10\/IMG_4838-scaled.webp\" class=\"bdpp-img bdpp-post-feat-img\" alt=\"Erd\u0151sz\u00e9li nyugalom \u00e9s felejthetetlen csal\u00e1di \u00e9lm\u00e9nyek\" \/>\r\n\t\t\t\t\t\t\t<\/a>\r\n\t\t<\/div>\r\n\t\t\t\t<div class=\"bdpp-post-cats\"><a class=\"bdpp-post-cat-link bdpp-post-cat-1 bdpp-post-cat-programok\" href=\"https:\/\/calmresort.hu\/en\/category\/programs\/\">Programmes<\/a><\/div>\r\n\t\t\r\n\t\t<h2 class=\"bdpp-post-title\">\r\n\t\t\t<a href=\"https:\/\/calmresort.hu\/en\/erdoszeli-nyugalom-es-felejthetetlen-csaladi-elmenyek\/\">Erd\u0151sz\u00e9li nyugalom \u00e9s felejthetetlen csal\u00e1di \u00e9lm\u00e9nyek<\/a>\r\n\t\t<\/h2>\r\n\r\n\t\t\t\t<div class=\"bdpp-post-meta bdpp-post-meta-up\">\r\n\t\t\t<span class=\"bdpp-post-meta-data bdpp-post-author\"><i class=\"fa fa-user\"><\/i>Bezzegh Kriszti\u00e1n<\/span><span class=\"bdpp-post-meta-sep\"> &ndash; <\/span><span class=\"bdpp-post-meta-data bdpp-post-date\"><i class=\"fa fa-clock-o\"><\/i>2025.02.15.<\/span>\t\t<\/div>\r\n\t\t\t\t<div class=\"bdpp-post-content\">\r\n\t\t\t<div class=\"bdpp-post-desc\">A Mecsek gy\u00f6ny\u00f6r\u0171 erdeiben megb\u00fav\u00f3&nbsp;Calm Resort Hertelend&nbsp;nemcsak a term\u00e9szetkedvel\u0151k, hanem csal\u00e1dok, bar\u00e1ti t\u00e1rsas\u00e1gok \u00e9s p\u00e1rok sz\u00e1m\u00e1ra is t\u00f6k\u00e9letes v\u00e1laszt\u00e1s. Az \u00edzl\u00e9sesen berendezett apartmanok, a k\u00f6z\u00f6s jakuzzi, valamint a k\u00f6rny\u00e9k term\u00e9szeti...<\/div>\r\n\t\t\t\t\t\t<a href=\"https:\/\/calmresort.hu\/en\/erdoszeli-nyugalom-es-felejthetetlen-csaladi-elmenyek\/\" class=\"bdpp-rdmr-btn\">Read More<\/a>\r\n\t\t\t\t\t<\/div>\r\n\t\t\t<\/div>\r\n<\/div>\t<\/div>\r\n\t<\/div><\/div>\n\t\t\t\t\t\t<\/div>\n\t\t\t\t<\/div>\n\t\t\t\t\t<\/div>\n\t\t<\/div>\n\t\t\t\t\t<\/div>\n\t\t<\/section>\n\t\t\t\t<\/div>","protected":false},"excerpt":{"rendered":"","protected":false},"author":4,"featured_media":0,"parent":0,"menu_order":0,"comment_status":"closed","ping_status":"closed","template":"","meta":{"_monsterinsights_skip_tracking":false,"_monsterinsights_sitenote_active":false,"_monsterinsights_sitenote_note":"","_monsterinsights_sitenote_category":0,"footnotes":""},"class_list":["post-5295","page","type-page","status-publish","hentry"],"yoast_head":"<!-- This site is optimized with the Yoast SEO Premium plugin v24.4 (Yoast SEO v24.4) - https:\/\/yoast.com\/wordpress\/plugins\/seo\/ -->\n<title>Blog | Calm Resort Hertelend<\/title>\n<meta name=\"robots\" content=\"index, follow, max-snippet:-1, max-image-preview:large, max-video-preview:-1\" \/>\n<link rel=\"canonical\" href=\"https:\/\/calmresort.hu\/en\/blog\/\" \/>\n<meta property=\"og:locale\" content=\"en_US\" \/>\n<meta property=\"og:type\" content=\"article\" \/>\n<meta property=\"og:title\" content=\"Blog\" \/>\n<meta property=\"og:url\" content=\"https:\/\/calmresort.hu\/en\/blog\/\" \/>\n<meta property=\"og:site_name\" content=\"Calm Resort Hertelend\" \/>\n<meta property=\"article:publisher\" content=\"https:\/\/www.facebook.com\/CalmResortHertelend\" \/>\n<meta property=\"article:modified_time\" content=\"2025-02-15T11:25:19+00:00\" \/>\n<meta property=\"og:image\" content=\"https:\/\/calmresort.hu\/wp-content\/uploads\/2023\/09\/CR_Logo2.webp\" \/>\n\t<meta property=\"og:image:width\" content=\"1000\" \/>\n\t<meta property=\"og:image:height\" content=\"1000\" \/>\n\t<meta property=\"og:image:type\" content=\"image\/webp\" \/>\n<meta name=\"twitter:card\" content=\"summary_large_image\" \/>\n<script type=\"application\/ld+json\" class=\"yoast-schema-graph\">{\"@context\":\"https:\/\/schema.org\",\"@graph\":[{\"@type\":\"WebPage\",\"@id\":\"https:\/\/calmresort.hu\/blog\/\",\"url\":\"https:\/\/calmresort.hu\/blog\/\",\"name\":\"Blog | Calm Resort Hertelend\",\"isPartOf\":{\"@id\":\"https:\/\/calmresort.hu\/#website\"},\"datePublished\":\"2024-10-09T16:01:43+00:00\",\"dateModified\":\"2025-02-15T11:25:19+00:00\",\"breadcrumb\":{\"@id\":\"https:\/\/calmresort.hu\/blog\/#breadcrumb\"},\"inLanguage\":\"en-US\",\"potentialAction\":[{\"@type\":\"ReadAction\",\"target\":[\"https:\/\/calmresort.hu\/blog\/\"]}]},{\"@type\":\"BreadcrumbList\",\"@id\":\"https:\/\/calmresort.hu\/blog\/#breadcrumb\",\"itemListElement\":[{\"@type\":\"ListItem\",\"position\":1,\"name\":\"Kezd\u0151lap\",\"item\":\"https:\/\/calmresort.hu\/\"},{\"@type\":\"ListItem\",\"position\":2,\"name\":\"Blog\"}]},{\"@type\":\"WebSite\",\"@id\":\"https:\/\/calmresort.hu\/#website\",\"url\":\"https:\/\/calmresort.hu\/\",\"name\":\"Calm Resort Hertelend\",\"description\":\"Erd\u0151sz\u00e9li nyugalom \u00e9s wellness a Mecsek l\u00e1b\u00e1n\u00e1l.\",\"publisher\":{\"@id\":\"https:\/\/calmresort.hu\/#organization\"},\"alternateName\":\"Csal\u00e1di apartmanok\",\"potentialAction\":[{\"@type\":\"SearchAction\",\"target\":{\"@type\":\"EntryPoint\",\"urlTemplate\":\"https:\/\/calmresort.hu\/?s={search_term_string}\"},\"query-input\":{\"@type\":\"PropertyValueSpecification\",\"valueRequired\":true,\"valueName\":\"search_term_string\"}}],\"inLanguage\":\"en-US\"},{\"@type\":\"Organization\",\"@id\":\"https:\/\/calmresort.hu\/#organization\",\"name\":\"Calm Resort Hertelend\",\"url\":\"https:\/\/calmresort.hu\/\",\"logo\":{\"@type\":\"ImageObject\",\"inLanguage\":\"en-US\",\"@id\":\"https:\/\/calmresort.hu\/#\/schema\/logo\/image\/\",\"url\":\"https:\/\/calmresort.hu\/wp-content\/uploads\/2024\/01\/CR_Logo2.png\",\"contentUrl\":\"https:\/\/calmresort.hu\/wp-content\/uploads\/2024\/01\/CR_Logo2.png\",\"width\":1000,\"height\":1000,\"caption\":\"Calm Resort Hertelend\"},\"image\":{\"@id\":\"https:\/\/calmresort.hu\/#\/schema\/logo\/image\/\"},\"sameAs\":[\"https:\/\/www.facebook.com\/CalmResortHertelend\",\"https:\/\/www.instagram.com\/calmresorthertelend\/\"],\"publishingPrinciples\":\"https:\/\/calmresort.hu\/informaciok\/hazirend\/\",\"ownershipFundingInfo\":\"https:\/\/calmresort.hu\/informaciok\/\",\"actionableFeedbackPolicy\":\"https:\/\/calmresort.hu\/altalanos-szerzodesi-feltetelek\/\"}]}<\/script>\n<!-- \/ Yoast SEO Premium plugin. -->","yoast_head_json":{"title":"Blog | Calm Resort Hertelend","robots":{"index":"index","follow":"follow","max-snippet":"max-snippet:-1","max-image-preview":"max-image-preview:large","max-video-preview":"max-video-preview:-1"},"canonical":"https:\/\/calmresort.hu\/en\/blog\/","og_locale":"en_US","og_type":"article","og_title":"Blog","og_url":"https:\/\/calmresort.hu\/en\/blog\/","og_site_name":"Calm Resort Hertelend","article_publisher":"https:\/\/www.facebook.com\/CalmResortHertelend","article_modified_time":"2025-02-15T11:25:19+00:00","og_image":[{"width":1000,"height":1000,"url":"https:\/\/calmresort.hu\/wp-content\/uploads\/2023\/09\/CR_Logo2.webp","type":"image\/webp"}],"twitter_card":"summary_large_image","schema":{"@context":"https:\/\/schema.org","@graph":[{"@type":"WebPage","@id":"https:\/\/calmresort.hu\/blog\/","url":"https:\/\/calmresort.hu\/blog\/","name":"Blog | Calm Resort Hertelend","isPartOf":{"@id":"https:\/\/calmresort.hu\/#website"},"datePublished":"2024-10-09T16:01:43+00:00","dateModified":"2025-02-15T11:25:19+00:00","breadcrumb":{"@id":"https:\/\/calmresort.hu\/blog\/#breadcrumb"},"inLanguage":"en-US","potentialAction":[{"@type":"ReadAction","target":["https:\/\/calmresort.hu\/blog\/"]}]},{"@type":"BreadcrumbList","@id":"https:\/\/calmresort.hu\/blog\/#breadcrumb","itemListElement":[{"@type":"ListItem","position":1,"name":"Kezd\u0151lap","item":"https:\/\/calmresort.hu\/"},{"@type":"ListItem","position":2,"name":"Blog"}]},{"@type":"WebSite","@id":"https:\/\/calmresort.hu\/#website","url":"https:\/\/calmresort.hu\/","name":"Calm Resort Hertelend","description":"Erd\u0151sz\u00e9li nyugalom \u00e9s wellness a Mecsek l\u00e1b\u00e1n\u00e1l.","publisher":{"@id":"https:\/\/calmresort.hu\/#organization"},"alternateName":"Csal\u00e1di apartmanok","potentialAction":[{"@type":"SearchAction","target":{"@type":"EntryPoint","urlTemplate":"https:\/\/calmresort.hu\/?s={search_term_string}"},"query-input":{"@type":"PropertyValueSpecification","valueRequired":true,"valueName":"search_term_string"}}],"inLanguage":"en-US"},{"@type":"Organization","@id":"https:\/\/calmresort.hu\/#organization","name":"Calm Resort Hertelend","url":"https:\/\/calmresort.hu\/","logo":{"@type":"ImageObject","inLanguage":"en-US","@id":"https:\/\/calmresort.hu\/#\/schema\/logo\/image\/","url":"https:\/\/calmresort.hu\/wp-content\/uploads\/2024\/01\/CR_Logo2.png","contentUrl":"https:\/\/calmresort.hu\/wp-content\/uploads\/2024\/01\/CR_Logo2.png","width":1000,"height":1000,"caption":"Calm Resort Hertelend"},"image":{"@id":"https:\/\/calmresort.hu\/#\/schema\/logo\/image\/"},"sameAs":["https:\/\/www.facebook.com\/CalmResortHertelend","https:\/\/www.instagram.com\/calmresorthertelend\/"],"publishingPrinciples":"https:\/\/calmresort.hu\/informaciok\/hazirend\/","ownershipFundingInfo":"https:\/\/calmresort.hu\/informaciok\/","actionableFeedbackPolicy":"https:\/\/calmresort.hu\/altalanos-szerzodesi-feltetelek\/"}]}},"_links":{"self":[{"href":"https:\/\/calmresort.hu\/en\/wp-json\/wp\/v2\/pages\/5295","targetHints":{"allow":["GET"]}}],"collection":[{"href":"https:\/\/calmresort.hu\/en\/wp-json\/wp\/v2\/pages"}],"about":[{"href":"https:\/\/calmresort.hu\/en\/wp-json\/wp\/v2\/types\/page"}],"author":[{"embeddable":true,"href":"https:\/\/calmresort.hu\/en\/wp-json\/wp\/v2\/users\/4"}],"replies":[{"embeddable":true,"href":"https:\/\/calmresort.hu\/en\/wp-json\/wp\/v2\/comments?post=5295"}],"version-history":[{"count":7,"href":"https:\/\/calmresort.hu\/en\/wp-json\/wp\/v2\/pages\/5295\/revisions"}],"predecessor-version":[{"id":5484,"href":"https:\/\/calmresort.hu\/en\/wp-json\/wp\/v2\/pages\/5295\/revisions\/5484"}],"wp:attachment":[{"href":"https:\/\/calmresort.hu\/en\/wp-json\/wp\/v2\/media?parent=5295"}],"curies":[{"name":"wp","href":"https:\/\/api.w.org\/{rel}","templated":true}]}}