{"id":5351,"date":"2024-12-02T17:04:21","date_gmt":"2024-12-02T15:04:21","guid":{"rendered":"https:\/\/calmresort.hu\/?page_id=5351"},"modified":"2024-12-03T20:48:16","modified_gmt":"2024-12-03T18:48:16","slug":"ajandekutalvany","status":"publish","type":"page","link":"https:\/\/calmresort.hu\/en\/araink\/ajandekutalvany\/","title":{"rendered":"Gift Cards"},"content":{"rendered":"<div data-elementor-type=\"wp-page\" data-elementor-id=\"5351\" class=\"elementor elementor-5351\" data-elementor-post-type=\"page\">\n\t\t\t\t\t\t<section class=\"elementor-section elementor-top-section elementor-element elementor-element-dde0189 elementor-section-boxed elementor-section-height-default elementor-section-height-default\" data-id=\"dde0189\" data-element_type=\"section\" data-settings=\"{&quot;jet_parallax_layout_list&quot;:[]}\">\n\t\t\t\t\t\t<div class=\"elementor-container elementor-column-gap-default\">\n\t\t\t\t\t<div class=\"elementor-column elementor-col-100 elementor-top-column elementor-element elementor-element-895c092\" data-id=\"895c092\" data-element_type=\"column\">\n\t\t\t<div class=\"elementor-widget-wrap elementor-element-populated\">\n\t\t\t\t\t\t<div class=\"elementor-element elementor-element-d810485 elementor-widget elementor-widget-text-editor\" data-id=\"d810485\" data-element_type=\"widget\" data-widget_type=\"text-editor.default\">\n\t\t\t\t<div class=\"elementor-widget-container\">\n\t\t\t\t\t\t\t\t\t<h3 style=\"text-align: center;\"><span style=\"font-size: 24pt; color: #c49a6c;\"><b>Give the gift of an unforgettable vacation \u2013 simply and quickly!<\/b><\/span><\/h3><p>Surprise your loved ones, friends or colleagues with a special experience with Calm Resort Hertelend gift vouchers! With the help of the vouchers, the tranquility of nature and the experience of perfect relaxation become a gift - simply, quickly and in an immediately printable form.<\/p><h3><span style=\"color: #c49a6c;\"><b>Available vouchers:<\/b><\/span><\/h3><p><b>Value vouchers with a fixed amount:<\/b> Give them the freedom of choice and give them a flexible amount of money that can be used for any of our services.<\/p><h3><span style=\"color: #c49a6c;\"><b>Easy purchase and fast delivery:<\/b><\/span><\/h3><p>You can pay the value of the voucher online, and we will immediately email you the downloadable and printable PDF gift voucher.<\/p><p><b>Give the gift of special moments that they will never forget!<\/b><br \/>Choose now and surprise your loved ones!<\/p>\t\t\t\t\t\t\t\t<\/div>\n\t\t\t\t<\/div>\n\t\t\t\t\t<\/div>\n\t\t<\/div>\n\t\t\t\t\t<\/div>\n\t\t<\/section>\n\t\t\t\t<section class=\"elementor-section elementor-top-section elementor-element elementor-element-6dc8e16 elementor-section-boxed elementor-section-height-default elementor-section-height-default\" data-id=\"6dc8e16\" data-element_type=\"section\" data-settings=\"{&quot;jet_parallax_layout_list&quot;:[]}\">\n\t\t\t\t\t\t<div class=\"elementor-container elementor-column-gap-default\">\n\t\t\t\t\t<div class=\"elementor-column elementor-col-100 elementor-top-column elementor-element elementor-element-9095d04\" data-id=\"9095d04\" data-element_type=\"column\">\n\t\t\t<div class=\"elementor-widget-wrap elementor-element-populated\">\n\t\t\t\t\t\t<div class=\"elementor-element elementor-element-473a1a5 elementor-widget elementor-widget-shortcode\" data-id=\"473a1a5\" data-element_type=\"widget\" data-widget_type=\"shortcode.default\">\n\t\t\t\t<div class=\"elementor-widget-container\">\n\t\t\t\t\t\t\t<div class=\"elementor-shortcode\"><script src=\"https:\/\/nethotelbooking.net\/embed.RESnWEB.js?id=ZCBJW\"><\/script><\/div>\n\t\t\t\t\t\t<\/div>\n\t\t\t\t<\/div>\n\t\t\t\t\t<\/div>\n\t\t<\/div>\n\t\t\t\t\t<\/div>\n\t\t<\/section>\n\t\t\t\t<\/div>","protected":false},"excerpt":{"rendered":"<p>Aj\u00e1nd\u00e9kozzon felejthetetlen pihen\u00e9st \u2013 egyszer\u0171en \u00e9s gyorsan! Lepje meg szeretteit, bar\u00e1tait vagy munkat\u00e1rsait egy k\u00fcl\u00f6nleges \u00e9lm\u00e9nnyel a Calm Resort Hertelend aj\u00e1nd\u00e9kutalv\u00e1nyaival! Az utalv\u00e1nyok seg\u00edts\u00e9g\u00e9vel a term\u00e9szet nyugalma \u00e9s a t\u00f6k\u00e9letes kikapcsol\u00f3d\u00e1s \u00e9lm\u00e9nye v\u00e1lik aj\u00e1nd\u00e9kk\u00e1 \u2013 egyszer\u0171en, gyorsan \u00e9s azonnal nyomtathat\u00f3 form\u00e1ban. El\u00e9rhet\u0151 utalv\u00e1nyok: Keret\u00f6sszeges \u00e9rt\u00e9kutalv\u00e1nyok: Hagyja meg a v\u00e1laszt\u00e1s szabads\u00e1g\u00e1t, \u00e9s aj\u00e1nd\u00e9kozzon rugalmasan felhaszn\u00e1lhat\u00f3 keret\u00f6sszeget, [&hellip;]<\/p>","protected":false},"author":4,"featured_media":0,"parent":4653,"menu_order":0,"comment_status":"closed","ping_status":"closed","template":"","meta":{"_monsterinsights_skip_tracking":false,"_monsterinsights_sitenote_active":false,"_monsterinsights_sitenote_note":"","_monsterinsights_sitenote_category":0,"footnotes":""},"class_list":["post-5351","page","type-page","status-publish","hentry"],"yoast_head":"<!-- This site is optimized with the Yoast SEO Premium plugin v24.4 (Yoast SEO v24.4) - https:\/\/yoast.com\/wordpress\/plugins\/seo\/ -->\n<title>Aj\u00e1nd\u00e9kutalv\u00e1ny | Calm Resort Hertelend<\/title>\n<meta name=\"robots\" content=\"index, follow, max-snippet:-1, max-image-preview:large, max-video-preview:-1\" \/>\n<link rel=\"canonical\" href=\"https:\/\/calmresort.hu\/en\/araink\/ajandekutalvany\/\" \/>\n<meta property=\"og:locale\" content=\"en_US\" \/>\n<meta property=\"og:type\" content=\"article\" \/>\n<meta property=\"og:title\" content=\"Aj\u00e1nd\u00e9kutalv\u00e1ny\" \/>\n<meta property=\"og:description\" content=\"Aj\u00e1nd\u00e9kozzon felejthetetlen pihen\u00e9st \u2013 egyszer\u0171en \u00e9s gyorsan! Lepje meg szeretteit, bar\u00e1tait vagy munkat\u00e1rsait egy k\u00fcl\u00f6nleges \u00e9lm\u00e9nnyel a Calm Resort Hertelend aj\u00e1nd\u00e9kutalv\u00e1nyaival! Az utalv\u00e1nyok seg\u00edts\u00e9g\u00e9vel a term\u00e9szet nyugalma \u00e9s a t\u00f6k\u00e9letes kikapcsol\u00f3d\u00e1s \u00e9lm\u00e9nye v\u00e1lik aj\u00e1nd\u00e9kk\u00e1 \u2013 egyszer\u0171en, gyorsan \u00e9s azonnal nyomtathat\u00f3 form\u00e1ban. El\u00e9rhet\u0151 utalv\u00e1nyok: Keret\u00f6sszeges \u00e9rt\u00e9kutalv\u00e1nyok: Hagyja meg a v\u00e1laszt\u00e1s szabads\u00e1g\u00e1t, \u00e9s aj\u00e1nd\u00e9kozzon rugalmasan felhaszn\u00e1lhat\u00f3 keret\u00f6sszeget, [&hellip;]\" \/>\n<meta property=\"og:url\" content=\"https:\/\/calmresort.hu\/en\/araink\/ajandekutalvany\/\" \/>\n<meta property=\"og:site_name\" content=\"Calm Resort Hertelend\" \/>\n<meta property=\"article:publisher\" content=\"https:\/\/www.facebook.com\/CalmResortHertelend\" \/>\n<meta property=\"article:modified_time\" content=\"2024-12-03T18:48:16+00:00\" \/>\n<meta property=\"og:image\" content=\"https:\/\/calmresort.hu\/wp-content\/uploads\/2023\/09\/CR_Logo2.webp\" \/>\n\t<meta property=\"og:image:width\" content=\"1000\" \/>\n\t<meta property=\"og:image:height\" content=\"1000\" \/>\n\t<meta property=\"og:image:type\" content=\"image\/webp\" \/>\n<meta name=\"twitter:card\" content=\"summary_large_image\" \/>\n<meta name=\"twitter:label1\" content=\"Est. reading time\" \/>\n\t<meta name=\"twitter:data1\" content=\"1 minute\" \/>\n<script type=\"application\/ld+json\" class=\"yoast-schema-graph\">{\"@context\":\"https:\/\/schema.org\",\"@graph\":[{\"@type\":\"WebPage\",\"@id\":\"https:\/\/calmresort.hu\/araink\/ajandekutalvany\/\",\"url\":\"https:\/\/calmresort.hu\/araink\/ajandekutalvany\/\",\"name\":\"Aj\u00e1nd\u00e9kutalv\u00e1ny | Calm Resort Hertelend\",\"isPartOf\":{\"@id\":\"https:\/\/calmresort.hu\/#website\"},\"datePublished\":\"2024-12-02T15:04:21+00:00\",\"dateModified\":\"2024-12-03T18:48:16+00:00\",\"breadcrumb\":{\"@id\":\"https:\/\/calmresort.hu\/araink\/ajandekutalvany\/#breadcrumb\"},\"inLanguage\":\"en-US\",\"potentialAction\":[{\"@type\":\"ReadAction\",\"target\":[\"https:\/\/calmresort.hu\/araink\/ajandekutalvany\/\"]}]},{\"@type\":\"BreadcrumbList\",\"@id\":\"https:\/\/calmresort.hu\/araink\/ajandekutalvany\/#breadcrumb\",\"itemListElement\":[{\"@type\":\"ListItem\",\"position\":1,\"name\":\"Kezd\u0151lap\",\"item\":\"https:\/\/calmresort.hu\/\"},{\"@type\":\"ListItem\",\"position\":2,\"name\":\"\u00c1raink\",\"item\":\"https:\/\/calmresort.hu\/araink\/\"},{\"@type\":\"ListItem\",\"position\":3,\"name\":\"Aj\u00e1nd\u00e9kutalv\u00e1ny\"}]},{\"@type\":\"WebSite\",\"@id\":\"https:\/\/calmresort.hu\/#website\",\"url\":\"https:\/\/calmresort.hu\/\",\"name\":\"Calm Resort Hertelend\",\"description\":\"Erd\u0151sz\u00e9li nyugalom \u00e9s wellness a Mecsek l\u00e1b\u00e1n\u00e1l.\",\"publisher\":{\"@id\":\"https:\/\/calmresort.hu\/#organization\"},\"alternateName\":\"Csal\u00e1di apartmanok\",\"potentialAction\":[{\"@type\":\"SearchAction\",\"target\":{\"@type\":\"EntryPoint\",\"urlTemplate\":\"https:\/\/calmresort.hu\/?s={search_term_string}\"},\"query-input\":{\"@type\":\"PropertyValueSpecification\",\"valueRequired\":true,\"valueName\":\"search_term_string\"}}],\"inLanguage\":\"en-US\"},{\"@type\":\"Organization\",\"@id\":\"https:\/\/calmresort.hu\/#organization\",\"name\":\"Calm Resort Hertelend\",\"url\":\"https:\/\/calmresort.hu\/\",\"logo\":{\"@type\":\"ImageObject\",\"inLanguage\":\"en-US\",\"@id\":\"https:\/\/calmresort.hu\/#\/schema\/logo\/image\/\",\"url\":\"https:\/\/calmresort.hu\/wp-content\/uploads\/2024\/01\/CR_Logo2.png\",\"contentUrl\":\"https:\/\/calmresort.hu\/wp-content\/uploads\/2024\/01\/CR_Logo2.png\",\"width\":1000,\"height\":1000,\"caption\":\"Calm Resort Hertelend\"},\"image\":{\"@id\":\"https:\/\/calmresort.hu\/#\/schema\/logo\/image\/\"},\"sameAs\":[\"https:\/\/www.facebook.com\/CalmResortHertelend\",\"https:\/\/www.instagram.com\/calmresorthertelend\/\"],\"publishingPrinciples\":\"https:\/\/calmresort.hu\/informaciok\/hazirend\/\",\"ownershipFundingInfo\":\"https:\/\/calmresort.hu\/informaciok\/\",\"actionableFeedbackPolicy\":\"https:\/\/calmresort.hu\/altalanos-szerzodesi-feltetelek\/\"}]}<\/script>\n<!-- \/ Yoast SEO Premium plugin. -->","yoast_head_json":{"title":"Aj\u00e1nd\u00e9kutalv\u00e1ny | Calm Resort Hertelend","robots":{"index":"index","follow":"follow","max-snippet":"max-snippet:-1","max-image-preview":"max-image-preview:large","max-video-preview":"max-video-preview:-1"},"canonical":"https:\/\/calmresort.hu\/en\/araink\/ajandekutalvany\/","og_locale":"en_US","og_type":"article","og_title":"Aj\u00e1nd\u00e9kutalv\u00e1ny","og_description":"Aj\u00e1nd\u00e9kozzon felejthetetlen pihen\u00e9st \u2013 egyszer\u0171en \u00e9s gyorsan! Lepje meg szeretteit, bar\u00e1tait vagy munkat\u00e1rsait egy k\u00fcl\u00f6nleges \u00e9lm\u00e9nnyel a Calm Resort Hertelend aj\u00e1nd\u00e9kutalv\u00e1nyaival! Az utalv\u00e1nyok seg\u00edts\u00e9g\u00e9vel a term\u00e9szet nyugalma \u00e9s a t\u00f6k\u00e9letes kikapcsol\u00f3d\u00e1s \u00e9lm\u00e9nye v\u00e1lik aj\u00e1nd\u00e9kk\u00e1 \u2013 egyszer\u0171en, gyorsan \u00e9s azonnal nyomtathat\u00f3 form\u00e1ban. El\u00e9rhet\u0151 utalv\u00e1nyok: Keret\u00f6sszeges \u00e9rt\u00e9kutalv\u00e1nyok: Hagyja meg a v\u00e1laszt\u00e1s szabads\u00e1g\u00e1t, \u00e9s aj\u00e1nd\u00e9kozzon rugalmasan felhaszn\u00e1lhat\u00f3 keret\u00f6sszeget, [&hellip;]","og_url":"https:\/\/calmresort.hu\/en\/araink\/ajandekutalvany\/","og_site_name":"Calm Resort Hertelend","article_publisher":"https:\/\/www.facebook.com\/CalmResortHertelend","article_modified_time":"2024-12-03T18:48:16+00:00","og_image":[{"width":1000,"height":1000,"url":"https:\/\/calmresort.hu\/wp-content\/uploads\/2023\/09\/CR_Logo2.webp","type":"image\/webp"}],"twitter_card":"summary_large_image","twitter_misc":{"Est. reading time":"1 minute"},"schema":{"@context":"https:\/\/schema.org","@graph":[{"@type":"WebPage","@id":"https:\/\/calmresort.hu\/araink\/ajandekutalvany\/","url":"https:\/\/calmresort.hu\/araink\/ajandekutalvany\/","name":"Aj\u00e1nd\u00e9kutalv\u00e1ny | Calm Resort Hertelend","isPartOf":{"@id":"https:\/\/calmresort.hu\/#website"},"datePublished":"2024-12-02T15:04:21+00:00","dateModified":"2024-12-03T18:48:16+00:00","breadcrumb":{"@id":"https:\/\/calmresort.hu\/araink\/ajandekutalvany\/#breadcrumb"},"inLanguage":"en-US","potentialAction":[{"@type":"ReadAction","target":["https:\/\/calmresort.hu\/araink\/ajandekutalvany\/"]}]},{"@type":"BreadcrumbList","@id":"https:\/\/calmresort.hu\/araink\/ajandekutalvany\/#breadcrumb","itemListElement":[{"@type":"ListItem","position":1,"name":"Kezd\u0151lap","item":"https:\/\/calmresort.hu\/"},{"@type":"ListItem","position":2,"name":"\u00c1raink","item":"https:\/\/calmresort.hu\/araink\/"},{"@type":"ListItem","position":3,"name":"Aj\u00e1nd\u00e9kutalv\u00e1ny"}]},{"@type":"WebSite","@id":"https:\/\/calmresort.hu\/#website","url":"https:\/\/calmresort.hu\/","name":"Calm Resort Hertelend","description":"Erd\u0151sz\u00e9li nyugalom \u00e9s wellness a Mecsek l\u00e1b\u00e1n\u00e1l.","publisher":{"@id":"https:\/\/calmresort.hu\/#organization"},"alternateName":"Csal\u00e1di apartmanok","potentialAction":[{"@type":"SearchAction","target":{"@type":"EntryPoint","urlTemplate":"https:\/\/calmresort.hu\/?s={search_term_string}"},"query-input":{"@type":"PropertyValueSpecification","valueRequired":true,"valueName":"search_term_string"}}],"inLanguage":"en-US"},{"@type":"Organization","@id":"https:\/\/calmresort.hu\/#organization","name":"Calm Resort Hertelend","url":"https:\/\/calmresort.hu\/","logo":{"@type":"ImageObject","inLanguage":"en-US","@id":"https:\/\/calmresort.hu\/#\/schema\/logo\/image\/","url":"https:\/\/calmresort.hu\/wp-content\/uploads\/2024\/01\/CR_Logo2.png","contentUrl":"https:\/\/calmresort.hu\/wp-content\/uploads\/2024\/01\/CR_Logo2.png","width":1000,"height":1000,"caption":"Calm Resort Hertelend"},"image":{"@id":"https:\/\/calmresort.hu\/#\/schema\/logo\/image\/"},"sameAs":["https:\/\/www.facebook.com\/CalmResortHertelend","https:\/\/www.instagram.com\/calmresorthertelend\/"],"publishingPrinciples":"https:\/\/calmresort.hu\/informaciok\/hazirend\/","ownershipFundingInfo":"https:\/\/calmresort.hu\/informaciok\/","actionableFeedbackPolicy":"https:\/\/calmresort.hu\/altalanos-szerzodesi-feltetelek\/"}]}},"_links":{"self":[{"href":"https:\/\/calmresort.hu\/en\/wp-json\/wp\/v2\/pages\/5351","targetHints":{"allow":["GET"]}}],"collection":[{"href":"https:\/\/calmresort.hu\/en\/wp-json\/wp\/v2\/pages"}],"about":[{"href":"https:\/\/calmresort.hu\/en\/wp-json\/wp\/v2\/types\/page"}],"author":[{"embeddable":true,"href":"https:\/\/calmresort.hu\/en\/wp-json\/wp\/v2\/users\/4"}],"replies":[{"embeddable":true,"href":"https:\/\/calmresort.hu\/en\/wp-json\/wp\/v2\/comments?post=5351"}],"version-history":[{"count":20,"href":"https:\/\/calmresort.hu\/en\/wp-json\/wp\/v2\/pages\/5351\/revisions"}],"predecessor-version":[{"id":5412,"href":"https:\/\/calmresort.hu\/en\/wp-json\/wp\/v2\/pages\/5351\/revisions\/5412"}],"up":[{"embeddable":true,"href":"https:\/\/calmresort.hu\/en\/wp-json\/wp\/v2\/pages\/4653"}],"wp:attachment":[{"href":"https:\/\/calmresort.hu\/en\/wp-json\/wp\/v2\/media?parent=5351"}],"curies":[{"name":"wp","href":"https:\/\/api.w.org\/{rel}","templated":true}]}}