{"id":5444,"date":"2025-02-14T13:58:36","date_gmt":"2025-02-14T11:58:36","guid":{"rendered":"https:\/\/calmresort.hu\/?page_id=5444"},"modified":"2025-07-13T17:37:03","modified_gmt":"2025-07-13T15:37:03","slug":"reggeli-bekeszites","status":"publish","type":"page","link":"https:\/\/calmresort.hu\/en\/reggeli-bekeszites\/","title":{"rendered":"Breakfast preparation"},"content":{"rendered":"<div data-elementor-type=\"wp-page\" data-elementor-id=\"5444\" class=\"elementor elementor-5444\" data-elementor-post-type=\"page\">\n\t\t\t\t\t\t<section class=\"elementor-section elementor-top-section elementor-element elementor-element-4f43723 elementor-section-boxed elementor-section-height-default elementor-section-height-default\" data-id=\"4f43723\" data-element_type=\"section\" data-settings=\"{&quot;jet_parallax_layout_list&quot;:[]}\">\n\t\t\t\t\t\t<div class=\"elementor-container elementor-column-gap-default\">\n\t\t\t\t\t<div class=\"elementor-column elementor-col-100 elementor-top-column elementor-element elementor-element-6419611\" data-id=\"6419611\" data-element_type=\"column\">\n\t\t\t<div class=\"elementor-widget-wrap elementor-element-populated\">\n\t\t\t\t\t\t<div class=\"elementor-element elementor-element-cad2722 elementor-widget elementor-widget-heading\" data-id=\"cad2722\" data-element_type=\"widget\" data-widget_type=\"heading.default\">\n\t\t\t\t<div class=\"elementor-widget-container\">\n\t\t\t\t\t<h2 class=\"elementor-heading-title elementor-size-default\">Breakfast preparation<\/h2>\t\t\t\t<\/div>\n\t\t\t\t<\/div>\n\t\t\t\t\t<\/div>\n\t\t<\/div>\n\t\t\t\t\t<\/div>\n\t\t<\/section>\n\t\t\t\t<section class=\"elementor-section elementor-top-section elementor-element elementor-element-7895160 elementor-section-boxed elementor-section-height-default elementor-section-height-default\" data-id=\"7895160\" data-element_type=\"section\" data-settings=\"{&quot;jet_parallax_layout_list&quot;:[]}\">\n\t\t\t\t\t\t<div class=\"elementor-container elementor-column-gap-default\">\n\t\t\t\t\t<div class=\"elementor-column elementor-col-100 elementor-top-column elementor-element elementor-element-65e4047\" data-id=\"65e4047\" data-element_type=\"column\">\n\t\t\t<div class=\"elementor-widget-wrap elementor-element-populated\">\n\t\t\t\t\t\t<div class=\"elementor-element elementor-element-351d0b2 elementor-widget elementor-widget-text-editor\" data-id=\"351d0b2\" data-element_type=\"widget\" data-widget_type=\"text-editor.default\">\n\t\t\t\t<div class=\"elementor-widget-container\">\n\t\t\t\t\t\t\t\t\t<h3><b style=\"caret-color: #000000; color: #000000;\">Breakfast Basket \u2013 Convenience and freshness in one package!<\/b><\/h3><p><b style=\"caret-color: #000000; color: #000000;\"><\/b><span style=\"caret-color: #000000; color: #000000; font-size: medium;\">Our guesthouse offers a breakfast basket to help you start your day off right. The generous portions can usually be enjoyed in the evening.<\/span><br style=\"caret-color: #000000; color: #000000;\" \/><br style=\"caret-color: #000000; color: #000000;\" \/><span style=\"caret-color: #000000; color: #000000; font-size: medium;\">Price of the service:\u00a0<\/span><b style=\"caret-color: #000000; color: #000000;\">4,990,-\/person\/night<\/b><br style=\"caret-color: #000000; color: #000000;\" \/><br style=\"caret-color: #000000; color: #000000;\" \/><span style=\"caret-color: #000000; color: #000000; font-size: medium;\">Please choose the quantity for how many days you would like breakfast for and for how many people!<\/span><br style=\"caret-color: #000000; color: #000000;\" \/><i style=\"caret-color: #000000; color: #000000;\">So, if two people arrived and you want breakfast prepared for two days, set the quantity to 2\u00d72, or 4.<\/i><\/p><h3><b style=\"caret-color: #000000; color: #000000;\">1-day breakfast basket\u00a0<\/b><span style=\"caret-color: #000000; color: #000000; font-size: medium;\">For 2 people:\u00a0<\/span><b style=\"caret-color: #000000; color: #000000;\">9980 Ft<\/b><\/h3><p><span style=\"caret-color: #000000; color: #000000; font-size: medium;\">The price includes quality ingredients, careful preparation, and convenient delivery.<\/span><\/p>\t\t\t\t\t\t\t\t<\/div>\n\t\t\t\t<\/div>\n\t\t\t\t\t<\/div>\n\t\t<\/div>\n\t\t\t\t\t<\/div>\n\t\t<\/section>\n\t\t\t\t<section class=\"elementor-section elementor-top-section elementor-element elementor-element-70b3568 elementor-section-boxed elementor-section-height-default elementor-section-height-default\" data-id=\"70b3568\" data-element_type=\"section\" data-settings=\"{&quot;jet_parallax_layout_list&quot;:[]}\">\n\t\t\t\t\t\t<div class=\"elementor-container elementor-column-gap-default\">\n\t\t\t\t\t<div class=\"elementor-column elementor-col-100 elementor-top-column elementor-element elementor-element-e634804\" data-id=\"e634804\" data-element_type=\"column\">\n\t\t\t<div class=\"elementor-widget-wrap elementor-element-populated\">\n\t\t\t\t\t\t<div class=\"elementor-element elementor-element-303df61 elementor-widget-divider--view-line elementor-widget elementor-widget-divider\" data-id=\"303df61\" data-element_type=\"widget\" data-widget_type=\"divider.default\">\n\t\t\t\t<div class=\"elementor-widget-container\">\n\t\t\t\t\t\t\t<div class=\"elementor-divider\">\n\t\t\t<span class=\"elementor-divider-separator\">\n\t\t\t\t\t\t<\/span>\n\t\t<\/div>\n\t\t\t\t\t\t<\/div>\n\t\t\t\t<\/div>\n\t\t\t\t\t<\/div>\n\t\t<\/div>\n\t\t\t\t\t<\/div>\n\t\t<\/section>\n\t\t\t\t<section class=\"elementor-section elementor-top-section elementor-element elementor-element-f69b570 elementor-section-boxed elementor-section-height-default elementor-section-height-default\" data-id=\"f69b570\" data-element_type=\"section\" data-settings=\"{&quot;jet_parallax_layout_list&quot;:[]}\">\n\t\t\t\t\t\t<div class=\"elementor-container elementor-column-gap-default\">\n\t\t\t\t\t<div class=\"elementor-column elementor-col-50 elementor-top-column elementor-element elementor-element-574b217\" data-id=\"574b217\" data-element_type=\"column\">\n\t\t\t<div class=\"elementor-widget-wrap elementor-element-populated\">\n\t\t\t\t\t\t<div class=\"elementor-element elementor-element-fab740e elementor-widget elementor-widget-text-editor\" data-id=\"fab740e\" data-element_type=\"widget\" data-widget_type=\"text-editor.default\">\n\t\t\t\t<div class=\"elementor-widget-container\">\n\t\t\t\t\t\t\t\t\t<h3 style=\"letter-spacing: normal; text-align: left;\"><b style=\"caret-color: #000000; color: #000000;\">Cart contents:\u00a0<\/b><\/h3><p><b style=\"caret-color: #000000; color: #000000;\">Drinks:\u00a0<\/b><br style=\"caret-color: #000000; color: #000000;\" \/><span style=\"caret-color: #000000; color: #000000; font-size: medium;\">\u2013 1\/2 liter of milk<\/span><br style=\"caret-color: #000000; color: #000000;\" \/><span style=\"caret-color: #000000; color: #000000; font-size: medium;\">\u2013 1\/2 liter of 100% fruit juice<\/span><br style=\"caret-color: #000000; color: #000000;\" \/><br style=\"caret-color: #000000; color: #000000;\" \/><b style=\"caret-color: #000000; color: #000000;\">Bakery:\u00a0<\/b><br style=\"caret-color: #000000; color: #000000;\" \/><span style=\"caret-color: #000000; color: #000000; font-size: medium;\">\u2013 2 freshly baked buns<\/span><br style=\"caret-color: #000000; color: #000000;\" \/><span style=\"caret-color: #000000; color: #000000; font-size: medium;\">\u2013 2 freshly baked crescent<\/span><br style=\"caret-color: #000000; color: #000000;\" \/><span style=\"caret-color: #000000; color: #000000; font-size: medium;\">\u2013 4 slices of bread<\/span><br style=\"caret-color: #000000; color: #000000;\" \/><span style=\"caret-color: #000000; color: #000000; font-size: medium;\">\u2013 2 freshly baked sweet pastries (e.g. cocoa snail, jam bag)<\/span><br style=\"caret-color: #000000; color: #000000;\" \/><br style=\"caret-color: #000000; color: #000000;\" \/><b style=\"caret-color: #000000; color: #000000;\">Healthy breakfast options:\u00a0<\/b><br style=\"caret-color: #000000; color: #000000;\" \/><span style=\"caret-color: #000000; color: #000000; font-size: medium;\">\u2013 100 gr muesli or cereal flakes<\/span><br style=\"caret-color: #000000; color: #000000;\" \/><br style=\"caret-color: #000000; color: #000000;\" \/><b style=\"caret-color: #000000; color: #000000;\">Cold cuts and dairy products:\u00a0<\/b><br style=\"caret-color: #000000; color: #000000;\" \/><span style=\"caret-color: #000000; color: #000000; font-size: medium;\">\u2013 100 gr sliced \u200b\u200bsalami (mixed paprika and deli)<\/span><br style=\"caret-color: #000000; color: #000000;\" \/><span style=\"caret-color: #000000; color: #000000; font-size: medium;\">\u2013 100 g ham<\/span><br style=\"caret-color: #000000; color: #000000;\" \/><span style=\"caret-color: #000000; color: #000000; font-size: medium;\">\u2013 150 gr sliced \u200b\u200bcheese (Trappist, Gouda or Edam)<\/span><br style=\"caret-color: #000000; color: #000000;\" \/><span style=\"caret-color: #000000; color: #000000; font-size: medium;\">\u2013 100 g butter<\/span><br style=\"caret-color: #000000; color: #000000;\" \/><span style=\"caret-color: #000000; color: #000000; font-size: medium;\">\u2013 2 boxes of fruit yogurt<\/span><\/p><p><b style=\"caret-color: #000000; color: #000000;\">Fresh fruits and vegetables:\u00a0<\/b><br style=\"caret-color: #000000; color: #000000;\" \/><span style=\"caret-color: #000000; color: #000000; font-size: medium;\">Apples, pears, bananas or seasonal fruits (e.g. nectarines, peaches, apricots, grapes)<\/span><br style=\"caret-color: #000000; color: #000000;\" \/><span style=\"caret-color: #000000; color: #000000; font-size: medium;\">\u2013 Tomatoes, peppers<\/span><\/p>\t\t\t\t\t\t\t\t<\/div>\n\t\t\t\t<\/div>\n\t\t\t\t\t<\/div>\n\t\t<\/div>\n\t\t\t\t<div class=\"elementor-column elementor-col-50 elementor-top-column elementor-element elementor-element-0fdd224\" data-id=\"0fdd224\" data-element_type=\"column\">\n\t\t\t<div class=\"elementor-widget-wrap elementor-element-populated\">\n\t\t\t\t\t\t<div class=\"elementor-element elementor-element-f7b6227 elementor-widget elementor-widget-text-editor\" data-id=\"f7b6227\" data-element_type=\"widget\" data-widget_type=\"text-editor.default\">\n\t\t\t\t<div class=\"elementor-widget-container\">\n\t\t\t\t\t\t\t\t\t<p>\u00a0<\/p><p><b style=\"caret-color: #000000; color: #000000;\"><br \/>Extra products:\u00a0<\/b><br style=\"caret-color: #000000; color: #000000;\" \/><span style=\"caret-color: #000000; color: #000000; font-size: medium;\">\u2013 Jam<\/span><br style=\"caret-color: #000000; color: #000000;\" \/><span style=\"caret-color: #000000; color: #000000; font-size: medium;\">\u2013 4 pcs eggs<\/span><br style=\"caret-color: #000000; color: #000000;\" \/><br style=\"caret-color: #000000; color: #000000;\" \/><b style=\"caret-color: #000000; color: #000000;\">Why does it cost 9980 HUF?\u00a0<\/b><br style=\"caret-color: #000000; color: #000000;\" \/><span style=\"caret-color: #000000; color: #000000; font-size: medium;\">The value of the basket includes not only the price of the ingredients (approx. 5,000 HUF), but also:<\/span><br style=\"caret-color: #000000; color: #000000;\" \/><span style=\"caret-color: #000000; color: #000000; font-size: medium;\">\u2013 Careful sourcing of fresh ingredients,<\/span><br style=\"caret-color: #000000; color: #000000;\" \/><span style=\"caret-color: #000000; color: #000000; font-size: medium;\">\u2013 Convenient and practical delivery,<\/span><br style=\"caret-color: #000000; color: #000000;\" \/><span style=\"caret-color: #000000; color: #000000; font-size: medium;\">\u2013 Your convenience \u2013 to save you time and energy preparing breakfast.<\/span><br style=\"caret-color: #000000; color: #000000;\" \/><br style=\"caret-color: #000000; color: #000000;\" \/><b style=\"caret-color: #000000; color: #000000;\">Important information:\u00a0<\/b><br style=\"caret-color: #000000; color: #000000;\" \/><span style=\"caret-color: #000000; color: #000000; font-size: medium;\">The quantity and type of raw materials are adjusted to current purchasing options and are not intended to be understood as inventory records.<\/span><br style=\"caret-color: #000000; color: #000000;\" \/><span style=\"caret-color: #000000; color: #000000; font-size: medium;\">Please inform us of any special requests in advance when booking!<\/span><br style=\"caret-color: #000000; color: #000000;\" \/><br style=\"caret-color: #000000; color: #000000;\" \/><span style=\"caret-color: #000000; color: #000000; font-size: medium;\">We reserve the right to make changes.<\/span><\/p>\t\t\t\t\t\t\t\t<\/div>\n\t\t\t\t<\/div>\n\t\t\t\t\t<\/div>\n\t\t<\/div>\n\t\t\t\t\t<\/div>\n\t\t<\/section>\n\t\t\t\t<\/div>","protected":false},"excerpt":{"rendered":"<p>Reggeli bek\u00e9sz\u00edt\u00e9s Reggeli kos\u00e1r \u2013 K\u00e9nyelem \u00e9s frissess\u00e9g egy csomagban! Vend\u00e9gh\u00e1zunkban reggeli kos\u00e1r bek\u00e9sz\u00edt\u00e9s rendelhet\u0151, hogy a napotokat t\u00f6k\u00e9letesen kezdj\u00e9tek. A b\u0151s\u00e9ges adagok \u00e1ltal\u00e1ban est\u00e9re is fogyaszthat\u00f3k.A szolg\u00e1ltat\u00e1s \u00e1ra:\u00a04.990,-\/f\u0151\/\u00e9jK\u00e9rj\u00fck v\u00e1lassz annyi mennyis\u00e9get ah\u00e1ny napra szeretn\u00e9l reggelit, \u00e9s hogy mennyi f\u0151re!Teh\u00e1t, ha ketten \u00e9rkeztek \u00e9s k\u00e9t napra szeretn\u00e9l reggeli bek\u00e9sz\u00edt\u00e9st, \u00e1ll\u00edtsd 2&#215;2, azaz 4-re a mennyis\u00e9get. [&hellip;]<\/p>","protected":false},"author":4,"featured_media":0,"parent":0,"menu_order":0,"comment_status":"closed","ping_status":"closed","template":"elementor_header_footer","meta":{"_monsterinsights_skip_tracking":false,"_monsterinsights_sitenote_active":false,"_monsterinsights_sitenote_note":"","_monsterinsights_sitenote_category":0,"footnotes":""},"class_list":["post-5444","page","type-page","status-publish","hentry"],"yoast_head":"<!-- This site is optimized with the Yoast SEO Premium plugin v24.4 (Yoast SEO v24.4) - https:\/\/yoast.com\/wordpress\/plugins\/seo\/ -->\n<title>Reggeli bek\u00e9sz\u00edt\u00e9s | Calm Resort Hertelend<\/title>\n<meta name=\"robots\" content=\"index, follow, max-snippet:-1, max-image-preview:large, max-video-preview:-1\" \/>\n<link rel=\"canonical\" href=\"https:\/\/calmresort.hu\/en\/reggeli-bekeszites\/\" \/>\n<meta property=\"og:locale\" content=\"en_US\" \/>\n<meta property=\"og:type\" content=\"article\" \/>\n<meta property=\"og:title\" content=\"Reggeli bek\u00e9sz\u00edt\u00e9s\" \/>\n<meta property=\"og:description\" content=\"Reggeli bek\u00e9sz\u00edt\u00e9s Reggeli kos\u00e1r \u2013 K\u00e9nyelem \u00e9s frissess\u00e9g egy csomagban! Vend\u00e9gh\u00e1zunkban reggeli kos\u00e1r bek\u00e9sz\u00edt\u00e9s rendelhet\u0151, hogy a napotokat t\u00f6k\u00e9letesen kezdj\u00e9tek. A b\u0151s\u00e9ges adagok \u00e1ltal\u00e1ban est\u00e9re is fogyaszthat\u00f3k.A szolg\u00e1ltat\u00e1s \u00e1ra:\u00a04.990,-\/f\u0151\/\u00e9jK\u00e9rj\u00fck v\u00e1lassz annyi mennyis\u00e9get ah\u00e1ny napra szeretn\u00e9l reggelit, \u00e9s hogy mennyi f\u0151re!Teh\u00e1t, ha ketten \u00e9rkeztek \u00e9s k\u00e9t napra szeretn\u00e9l reggeli bek\u00e9sz\u00edt\u00e9st, \u00e1ll\u00edtsd 2&#215;2, azaz 4-re a mennyis\u00e9get. [&hellip;]\" \/>\n<meta property=\"og:url\" content=\"https:\/\/calmresort.hu\/en\/reggeli-bekeszites\/\" \/>\n<meta property=\"og:site_name\" content=\"Calm Resort Hertelend\" \/>\n<meta property=\"article:publisher\" content=\"https:\/\/www.facebook.com\/CalmResortHertelend\" \/>\n<meta property=\"article:modified_time\" content=\"2025-07-13T15:37:03+00:00\" \/>\n<meta property=\"og:image\" content=\"https:\/\/calmresort.hu\/wp-content\/uploads\/2023\/09\/CR_Logo2.webp\" \/>\n\t<meta property=\"og:image:width\" content=\"1000\" \/>\n\t<meta property=\"og:image:height\" content=\"1000\" \/>\n\t<meta property=\"og:image:type\" content=\"image\/webp\" \/>\n<meta name=\"twitter:card\" content=\"summary_large_image\" \/>\n<meta name=\"twitter:label1\" content=\"Est. reading time\" \/>\n\t<meta name=\"twitter:data1\" content=\"2 minutes\" \/>\n<script type=\"application\/ld+json\" class=\"yoast-schema-graph\">{\"@context\":\"https:\/\/schema.org\",\"@graph\":[{\"@type\":\"WebPage\",\"@id\":\"https:\/\/calmresort.hu\/reggeli-bekeszites\/\",\"url\":\"https:\/\/calmresort.hu\/reggeli-bekeszites\/\",\"name\":\"Reggeli bek\u00e9sz\u00edt\u00e9s | Calm Resort Hertelend\",\"isPartOf\":{\"@id\":\"https:\/\/calmresort.hu\/#website\"},\"datePublished\":\"2025-02-14T11:58:36+00:00\",\"dateModified\":\"2025-07-13T15:37:03+00:00\",\"breadcrumb\":{\"@id\":\"https:\/\/calmresort.hu\/reggeli-bekeszites\/#breadcrumb\"},\"inLanguage\":\"en-US\",\"potentialAction\":[{\"@type\":\"ReadAction\",\"target\":[\"https:\/\/calmresort.hu\/reggeli-bekeszites\/\"]}]},{\"@type\":\"BreadcrumbList\",\"@id\":\"https:\/\/calmresort.hu\/reggeli-bekeszites\/#breadcrumb\",\"itemListElement\":[{\"@type\":\"ListItem\",\"position\":1,\"name\":\"Kezd\u0151lap\",\"item\":\"https:\/\/calmresort.hu\/\"},{\"@type\":\"ListItem\",\"position\":2,\"name\":\"Reggeli bek\u00e9sz\u00edt\u00e9s\"}]},{\"@type\":\"WebSite\",\"@id\":\"https:\/\/calmresort.hu\/#website\",\"url\":\"https:\/\/calmresort.hu\/\",\"name\":\"Calm Resort Hertelend\",\"description\":\"Erd\u0151sz\u00e9li nyugalom \u00e9s wellness a Mecsek l\u00e1b\u00e1n\u00e1l.\",\"publisher\":{\"@id\":\"https:\/\/calmresort.hu\/#organization\"},\"alternateName\":\"Csal\u00e1di apartmanok\",\"potentialAction\":[{\"@type\":\"SearchAction\",\"target\":{\"@type\":\"EntryPoint\",\"urlTemplate\":\"https:\/\/calmresort.hu\/?s={search_term_string}\"},\"query-input\":{\"@type\":\"PropertyValueSpecification\",\"valueRequired\":true,\"valueName\":\"search_term_string\"}}],\"inLanguage\":\"en-US\"},{\"@type\":\"Organization\",\"@id\":\"https:\/\/calmresort.hu\/#organization\",\"name\":\"Calm Resort Hertelend\",\"url\":\"https:\/\/calmresort.hu\/\",\"logo\":{\"@type\":\"ImageObject\",\"inLanguage\":\"en-US\",\"@id\":\"https:\/\/calmresort.hu\/#\/schema\/logo\/image\/\",\"url\":\"https:\/\/calmresort.hu\/wp-content\/uploads\/2024\/01\/CR_Logo2.png\",\"contentUrl\":\"https:\/\/calmresort.hu\/wp-content\/uploads\/2024\/01\/CR_Logo2.png\",\"width\":1000,\"height\":1000,\"caption\":\"Calm Resort Hertelend\"},\"image\":{\"@id\":\"https:\/\/calmresort.hu\/#\/schema\/logo\/image\/\"},\"sameAs\":[\"https:\/\/www.facebook.com\/CalmResortHertelend\",\"https:\/\/www.instagram.com\/calmresorthertelend\/\"],\"publishingPrinciples\":\"https:\/\/calmresort.hu\/informaciok\/hazirend\/\",\"ownershipFundingInfo\":\"https:\/\/calmresort.hu\/informaciok\/\",\"actionableFeedbackPolicy\":\"https:\/\/calmresort.hu\/altalanos-szerzodesi-feltetelek\/\"}]}<\/script>\n<!-- \/ Yoast SEO Premium plugin. -->","yoast_head_json":{"title":"Reggeli bek\u00e9sz\u00edt\u00e9s | Calm Resort Hertelend","robots":{"index":"index","follow":"follow","max-snippet":"max-snippet:-1","max-image-preview":"max-image-preview:large","max-video-preview":"max-video-preview:-1"},"canonical":"https:\/\/calmresort.hu\/en\/reggeli-bekeszites\/","og_locale":"en_US","og_type":"article","og_title":"Reggeli bek\u00e9sz\u00edt\u00e9s","og_description":"Reggeli bek\u00e9sz\u00edt\u00e9s Reggeli kos\u00e1r \u2013 K\u00e9nyelem \u00e9s frissess\u00e9g egy csomagban! Vend\u00e9gh\u00e1zunkban reggeli kos\u00e1r bek\u00e9sz\u00edt\u00e9s rendelhet\u0151, hogy a napotokat t\u00f6k\u00e9letesen kezdj\u00e9tek. A b\u0151s\u00e9ges adagok \u00e1ltal\u00e1ban est\u00e9re is fogyaszthat\u00f3k.A szolg\u00e1ltat\u00e1s \u00e1ra:\u00a04.990,-\/f\u0151\/\u00e9jK\u00e9rj\u00fck v\u00e1lassz annyi mennyis\u00e9get ah\u00e1ny napra szeretn\u00e9l reggelit, \u00e9s hogy mennyi f\u0151re!Teh\u00e1t, ha ketten \u00e9rkeztek \u00e9s k\u00e9t napra szeretn\u00e9l reggeli bek\u00e9sz\u00edt\u00e9st, \u00e1ll\u00edtsd 2&#215;2, azaz 4-re a mennyis\u00e9get. [&hellip;]","og_url":"https:\/\/calmresort.hu\/en\/reggeli-bekeszites\/","og_site_name":"Calm Resort Hertelend","article_publisher":"https:\/\/www.facebook.com\/CalmResortHertelend","article_modified_time":"2025-07-13T15:37:03+00:00","og_image":[{"width":1000,"height":1000,"url":"https:\/\/calmresort.hu\/wp-content\/uploads\/2023\/09\/CR_Logo2.webp","type":"image\/webp"}],"twitter_card":"summary_large_image","twitter_misc":{"Est. reading time":"2 minutes"},"schema":{"@context":"https:\/\/schema.org","@graph":[{"@type":"WebPage","@id":"https:\/\/calmresort.hu\/reggeli-bekeszites\/","url":"https:\/\/calmresort.hu\/reggeli-bekeszites\/","name":"Reggeli bek\u00e9sz\u00edt\u00e9s | Calm Resort Hertelend","isPartOf":{"@id":"https:\/\/calmresort.hu\/#website"},"datePublished":"2025-02-14T11:58:36+00:00","dateModified":"2025-07-13T15:37:03+00:00","breadcrumb":{"@id":"https:\/\/calmresort.hu\/reggeli-bekeszites\/#breadcrumb"},"inLanguage":"en-US","potentialAction":[{"@type":"ReadAction","target":["https:\/\/calmresort.hu\/reggeli-bekeszites\/"]}]},{"@type":"BreadcrumbList","@id":"https:\/\/calmresort.hu\/reggeli-bekeszites\/#breadcrumb","itemListElement":[{"@type":"ListItem","position":1,"name":"Kezd\u0151lap","item":"https:\/\/calmresort.hu\/"},{"@type":"ListItem","position":2,"name":"Reggeli bek\u00e9sz\u00edt\u00e9s"}]},{"@type":"WebSite","@id":"https:\/\/calmresort.hu\/#website","url":"https:\/\/calmresort.hu\/","name":"Calm Resort Hertelend","description":"Erd\u0151sz\u00e9li nyugalom \u00e9s wellness a Mecsek l\u00e1b\u00e1n\u00e1l.","publisher":{"@id":"https:\/\/calmresort.hu\/#organization"},"alternateName":"Csal\u00e1di apartmanok","potentialAction":[{"@type":"SearchAction","target":{"@type":"EntryPoint","urlTemplate":"https:\/\/calmresort.hu\/?s={search_term_string}"},"query-input":{"@type":"PropertyValueSpecification","valueRequired":true,"valueName":"search_term_string"}}],"inLanguage":"en-US"},{"@type":"Organization","@id":"https:\/\/calmresort.hu\/#organization","name":"Calm Resort Hertelend","url":"https:\/\/calmresort.hu\/","logo":{"@type":"ImageObject","inLanguage":"en-US","@id":"https:\/\/calmresort.hu\/#\/schema\/logo\/image\/","url":"https:\/\/calmresort.hu\/wp-content\/uploads\/2024\/01\/CR_Logo2.png","contentUrl":"https:\/\/calmresort.hu\/wp-content\/uploads\/2024\/01\/CR_Logo2.png","width":1000,"height":1000,"caption":"Calm Resort Hertelend"},"image":{"@id":"https:\/\/calmresort.hu\/#\/schema\/logo\/image\/"},"sameAs":["https:\/\/www.facebook.com\/CalmResortHertelend","https:\/\/www.instagram.com\/calmresorthertelend\/"],"publishingPrinciples":"https:\/\/calmresort.hu\/informaciok\/hazirend\/","ownershipFundingInfo":"https:\/\/calmresort.hu\/informaciok\/","actionableFeedbackPolicy":"https:\/\/calmresort.hu\/altalanos-szerzodesi-feltetelek\/"}]}},"_links":{"self":[{"href":"https:\/\/calmresort.hu\/en\/wp-json\/wp\/v2\/pages\/5444","targetHints":{"allow":["GET"]}}],"collection":[{"href":"https:\/\/calmresort.hu\/en\/wp-json\/wp\/v2\/pages"}],"about":[{"href":"https:\/\/calmresort.hu\/en\/wp-json\/wp\/v2\/types\/page"}],"author":[{"embeddable":true,"href":"https:\/\/calmresort.hu\/en\/wp-json\/wp\/v2\/users\/4"}],"replies":[{"embeddable":true,"href":"https:\/\/calmresort.hu\/en\/wp-json\/wp\/v2\/comments?post=5444"}],"version-history":[{"count":17,"href":"https:\/\/calmresort.hu\/en\/wp-json\/wp\/v2\/pages\/5444\/revisions"}],"predecessor-version":[{"id":5703,"href":"https:\/\/calmresort.hu\/en\/wp-json\/wp\/v2\/pages\/5444\/revisions\/5703"}],"wp:attachment":[{"href":"https:\/\/calmresort.hu\/en\/wp-json\/wp\/v2\/media?parent=5444"}],"curies":[{"name":"wp","href":"https:\/\/api.w.org\/{rel}","templated":true}]}}