{"id":5676,"date":"2025-07-13T16:49:47","date_gmt":"2025-07-13T14:49:47","guid":{"rendered":"https:\/\/calmresort.hu\/?page_id=5676"},"modified":"2025-07-13T17:37:47","modified_gmt":"2025-07-13T15:37:47","slug":"leany-es-legenybucsuk","status":"publish","type":"page","link":"https:\/\/calmresort.hu\/en\/leany-es-legenybucsuk\/","title":{"rendered":"Le\u00e1ny- \u00e9s Leg\u00e9nyb\u00facs\u00fak"},"content":{"rendered":"<div data-elementor-type=\"wp-page\" data-elementor-id=\"5676\" class=\"elementor elementor-5676\" data-elementor-post-type=\"page\">\n\t\t\t\t\t\t<section class=\"elementor-section elementor-top-section elementor-element elementor-element-20ea1db elementor-section-boxed elementor-section-height-default elementor-section-height-default\" data-id=\"20ea1db\" data-element_type=\"section\" data-settings=\"{&quot;jet_parallax_layout_list&quot;:[]}\">\n\t\t\t\t\t\t<div class=\"elementor-container elementor-column-gap-default\">\n\t\t\t\t\t<div class=\"elementor-column elementor-col-100 elementor-top-column elementor-element elementor-element-2f79805\" data-id=\"2f79805\" data-element_type=\"column\">\n\t\t\t<div class=\"elementor-widget-wrap elementor-element-populated\">\n\t\t\t\t\t\t<div class=\"elementor-element elementor-element-1a8ce82 elementor-widget elementor-widget-heading\" data-id=\"1a8ce82\" data-element_type=\"widget\" data-widget_type=\"heading.default\">\n\t\t\t\t<div class=\"elementor-widget-container\">\n\t\t\t\t\t<h2 class=\"elementor-heading-title elementor-size-default\"><span class=\"page-title\" style=\"letter-spacing: normal;white-space: normal\">Le\u00e1ny- \u00e9s Leg\u00e9nyb\u00facs\u00fak<\/span><\/h2>\t\t\t\t<\/div>\n\t\t\t\t<\/div>\n\t\t\t\t\t<\/div>\n\t\t<\/div>\n\t\t\t\t\t<\/div>\n\t\t<\/section>\n\t\t\t\t<section class=\"elementor-section elementor-top-section elementor-element elementor-element-c4ee841 elementor-section-boxed elementor-section-height-default elementor-section-height-default\" data-id=\"c4ee841\" data-element_type=\"section\" data-settings=\"{&quot;jet_parallax_layout_list&quot;:[]}\">\n\t\t\t\t\t\t<div class=\"elementor-container elementor-column-gap-default\">\n\t\t\t\t\t<div class=\"elementor-column elementor-col-100 elementor-top-column elementor-element elementor-element-17fdb8d\" data-id=\"17fdb8d\" data-element_type=\"column\">\n\t\t\t<div class=\"elementor-widget-wrap elementor-element-populated\">\n\t\t\t\t\t\t<div class=\"elementor-element elementor-element-a87c1f3 elementor-widget elementor-widget-text-editor\" data-id=\"a87c1f3\" data-element_type=\"widget\" data-widget_type=\"text-editor.default\">\n\t\t\t\t<div class=\"elementor-widget-container\">\n\t\t\t\t\t\t\t\t\t<p data-start=\"283\" data-end=\"303\">Kedves Vend\u00e9geink!<\/p><p data-start=\"305\" data-end=\"599\">Az ut\u00f3bbi id\u0151ben egyre t\u00f6bb vend\u00e9g\u00fcnk szervez sz\u00e1ll\u00e1sunkon <strong data-start=\"364\" data-end=\"436\">le\u00e1ny- vagy leg\u00e9nyb\u00facs\u00fat, illetve nagyobb hanggal j\u00e1r\u00f3 \u00f6sszej\u00f6vetelt<\/strong>. \u00d6r\u00fcl\u00fcnk annak, ha \u00e9letetek fontos pillanatait n\u00e1lunk \u00fcnneplitek, ugyanakkor szeretn\u00e9nk biztos\u00edtani minden vend\u00e9g\u00fcnk sz\u00e1m\u00e1ra a zavartalan pihen\u00e9st \u00e9s nyugalmat.<\/p><p data-start=\"601\" data-end=\"641\"><strong data-start=\"601\" data-end=\"641\">Ez\u00e9rt felh\u00edvjuk figyelmeteket, hogy:<\/strong><\/p><p data-start=\"643\" data-end=\"1198\">\u2705 <strong data-start=\"645\" data-end=\"859\">Bulik, le\u00e1ny- vagy leg\u00e9nyb\u00facs\u00fak, illetve b\u00e1rmilyen nagyobb hanghat\u00e1ssal j\u00e1r\u00f3 esem\u00e9ny kiz\u00e1r\u00f3lag abban az esetben tarthat\u00f3 sz\u00e1ll\u00e1shely\u00fcnk\u00f6n, ha a teljes h\u00e1z, teh\u00e1t mindk\u00e9t apartman egyidej\u0171leg lefoglal\u00e1sra ker\u00fcl.<\/strong><br data-start=\"859\" data-end=\"862\" \/>\u2705 K\u00e9rj\u00fck, hogy <strong data-start=\"877\" data-end=\"921\">foglal\u00e1skor el\u0151re t\u00e1j\u00e9koztassatok minket<\/strong>, ha ilyen jelleg\u0171 programot terveztek, hogy a szervez\u00e9s g\u00f6rd\u00fcl\u00e9kenyen \u00e9s mindenki megel\u00e9ged\u00e9s\u00e9re t\u00f6rt\u00e9nhessen.<br data-start=\"1032\" data-end=\"1035\" \/>\u2705 Amennyiben <strong data-start=\"1048\" data-end=\"1133\">nem a teljes h\u00e1z ker\u00fcl lefoglal\u00e1sra, a h\u00e1zirendben foglaltak szigor\u00faan \u00e9rv\u00e9nyesek<\/strong>, k\u00fcl\u00f6n\u00f6sen a <strong data-start=\"1147\" data-end=\"1196\">22:00 ut\u00e1ni csendrendelet betart\u00e1sa k\u00f6telez\u0151.<\/strong><\/p><p data-start=\"1200\" data-end=\"1373\">B\u00edzunk benne, hogy k\u00f6z\u00f6s egy\u00fcttm\u0171k\u00f6d\u00e9ssel mindenki sz\u00e1m\u00e1ra felejthetetlen \u00e9s egyben nyugodt pihen\u00e9st tudunk biztos\u00edtani. K\u00f6sz\u00f6nj\u00fck a meg\u00e9rt\u00e9seteket \u00e9s egy\u00fcttm\u0171k\u00f6d\u00e9seteket!<\/p><p data-start=\"1375\" data-end=\"1425\">\u00dcdv\u00f6zlettel:<br data-start=\"1387\" data-end=\"1390\" \/><strong data-start=\"1390\" data-end=\"1423\">Calm Resort Hertelend csapata<\/strong><\/p>\t\t\t\t\t\t\t\t<\/div>\n\t\t\t\t<\/div>\n\t\t\t\t\t<\/div>\n\t\t<\/div>\n\t\t\t\t\t<\/div>\n\t\t<\/section>\n\t\t\t\t<\/div>","protected":false},"excerpt":{"rendered":"<p>Le\u00e1ny- \u00e9s Leg\u00e9nyb\u00facs\u00fak Kedves Vend\u00e9geink! Az ut\u00f3bbi id\u0151ben egyre t\u00f6bb vend\u00e9g\u00fcnk szervez sz\u00e1ll\u00e1sunkon le\u00e1ny- vagy leg\u00e9nyb\u00facs\u00fat, illetve nagyobb hanggal j\u00e1r\u00f3 \u00f6sszej\u00f6vetelt. \u00d6r\u00fcl\u00fcnk annak, ha \u00e9letetek fontos pillanatait n\u00e1lunk \u00fcnneplitek, ugyanakkor szeretn\u00e9nk biztos\u00edtani minden vend\u00e9g\u00fcnk sz\u00e1m\u00e1ra a zavartalan pihen\u00e9st \u00e9s nyugalmat. Ez\u00e9rt felh\u00edvjuk figyelmeteket, hogy: \u2705 Bulik, le\u00e1ny- vagy leg\u00e9nyb\u00facs\u00fak, illetve b\u00e1rmilyen nagyobb hanghat\u00e1ssal j\u00e1r\u00f3 esem\u00e9ny [&hellip;]<\/p>","protected":false},"author":4,"featured_media":0,"parent":0,"menu_order":0,"comment_status":"closed","ping_status":"closed","template":"elementor_header_footer","meta":{"_monsterinsights_skip_tracking":false,"_monsterinsights_sitenote_active":false,"_monsterinsights_sitenote_note":"","_monsterinsights_sitenote_category":0,"footnotes":""},"class_list":["post-5676","page","type-page","status-publish","hentry"],"yoast_head":"<!-- This site is optimized with the Yoast SEO Premium plugin v24.4 (Yoast SEO v24.4) - https:\/\/yoast.com\/wordpress\/plugins\/seo\/ -->\n<title>Le\u00e1ny- \u00e9s Leg\u00e9nyb\u00facs\u00fak | Calm Resort Hertelend<\/title>\n<meta name=\"robots\" content=\"index, follow, max-snippet:-1, max-image-preview:large, max-video-preview:-1\" \/>\n<link rel=\"canonical\" href=\"https:\/\/calmresort.hu\/en\/leany-es-legenybucsuk\/\" \/>\n<meta property=\"og:locale\" content=\"en_US\" \/>\n<meta property=\"og:type\" content=\"article\" \/>\n<meta property=\"og:title\" content=\"Le\u00e1ny- \u00e9s Leg\u00e9nyb\u00facs\u00fak\" \/>\n<meta property=\"og:description\" content=\"Le\u00e1ny- \u00e9s Leg\u00e9nyb\u00facs\u00fak Kedves Vend\u00e9geink! Az ut\u00f3bbi id\u0151ben egyre t\u00f6bb vend\u00e9g\u00fcnk szervez sz\u00e1ll\u00e1sunkon le\u00e1ny- vagy leg\u00e9nyb\u00facs\u00fat, illetve nagyobb hanggal j\u00e1r\u00f3 \u00f6sszej\u00f6vetelt. \u00d6r\u00fcl\u00fcnk annak, ha \u00e9letetek fontos pillanatait n\u00e1lunk \u00fcnneplitek, ugyanakkor szeretn\u00e9nk biztos\u00edtani minden vend\u00e9g\u00fcnk sz\u00e1m\u00e1ra a zavartalan pihen\u00e9st \u00e9s nyugalmat. Ez\u00e9rt felh\u00edvjuk figyelmeteket, hogy: \u2705 Bulik, le\u00e1ny- vagy leg\u00e9nyb\u00facs\u00fak, illetve b\u00e1rmilyen nagyobb hanghat\u00e1ssal j\u00e1r\u00f3 esem\u00e9ny [&hellip;]\" \/>\n<meta property=\"og:url\" content=\"https:\/\/calmresort.hu\/en\/leany-es-legenybucsuk\/\" \/>\n<meta property=\"og:site_name\" content=\"Calm Resort Hertelend\" \/>\n<meta property=\"article:publisher\" content=\"https:\/\/www.facebook.com\/CalmResortHertelend\" \/>\n<meta property=\"article:modified_time\" content=\"2025-07-13T15:37:47+00:00\" \/>\n<meta property=\"og:image\" content=\"https:\/\/calmresort.hu\/wp-content\/uploads\/2023\/09\/CR_Logo2.webp\" \/>\n\t<meta property=\"og:image:width\" content=\"1000\" \/>\n\t<meta property=\"og:image:height\" content=\"1000\" \/>\n\t<meta property=\"og:image:type\" content=\"image\/webp\" \/>\n<meta name=\"twitter:card\" content=\"summary_large_image\" \/>\n<meta name=\"twitter:label1\" content=\"Est. reading time\" \/>\n\t<meta name=\"twitter:data1\" content=\"1 minute\" \/>\n<script type=\"application\/ld+json\" class=\"yoast-schema-graph\">{\"@context\":\"https:\/\/schema.org\",\"@graph\":[{\"@type\":\"WebPage\",\"@id\":\"https:\/\/calmresort.hu\/leany-es-legenybucsuk\/\",\"url\":\"https:\/\/calmresort.hu\/leany-es-legenybucsuk\/\",\"name\":\"Le\u00e1ny- \u00e9s Leg\u00e9nyb\u00facs\u00fak | Calm Resort Hertelend\",\"isPartOf\":{\"@id\":\"https:\/\/calmresort.hu\/#website\"},\"datePublished\":\"2025-07-13T14:49:47+00:00\",\"dateModified\":\"2025-07-13T15:37:47+00:00\",\"breadcrumb\":{\"@id\":\"https:\/\/calmresort.hu\/leany-es-legenybucsuk\/#breadcrumb\"},\"inLanguage\":\"en-US\",\"potentialAction\":[{\"@type\":\"ReadAction\",\"target\":[\"https:\/\/calmresort.hu\/leany-es-legenybucsuk\/\"]}]},{\"@type\":\"BreadcrumbList\",\"@id\":\"https:\/\/calmresort.hu\/leany-es-legenybucsuk\/#breadcrumb\",\"itemListElement\":[{\"@type\":\"ListItem\",\"position\":1,\"name\":\"Kezd\u0151lap\",\"item\":\"https:\/\/calmresort.hu\/\"},{\"@type\":\"ListItem\",\"position\":2,\"name\":\"Le\u00e1ny- \u00e9s Leg\u00e9nyb\u00facs\u00fak\"}]},{\"@type\":\"WebSite\",\"@id\":\"https:\/\/calmresort.hu\/#website\",\"url\":\"https:\/\/calmresort.hu\/\",\"name\":\"Calm Resort Hertelend\",\"description\":\"Erd\u0151sz\u00e9li nyugalom \u00e9s wellness a Mecsek l\u00e1b\u00e1n\u00e1l.\",\"publisher\":{\"@id\":\"https:\/\/calmresort.hu\/#organization\"},\"alternateName\":\"Csal\u00e1di apartmanok\",\"potentialAction\":[{\"@type\":\"SearchAction\",\"target\":{\"@type\":\"EntryPoint\",\"urlTemplate\":\"https:\/\/calmresort.hu\/?s={search_term_string}\"},\"query-input\":{\"@type\":\"PropertyValueSpecification\",\"valueRequired\":true,\"valueName\":\"search_term_string\"}}],\"inLanguage\":\"en-US\"},{\"@type\":\"Organization\",\"@id\":\"https:\/\/calmresort.hu\/#organization\",\"name\":\"Calm Resort Hertelend\",\"url\":\"https:\/\/calmresort.hu\/\",\"logo\":{\"@type\":\"ImageObject\",\"inLanguage\":\"en-US\",\"@id\":\"https:\/\/calmresort.hu\/#\/schema\/logo\/image\/\",\"url\":\"https:\/\/calmresort.hu\/wp-content\/uploads\/2024\/01\/CR_Logo2.png\",\"contentUrl\":\"https:\/\/calmresort.hu\/wp-content\/uploads\/2024\/01\/CR_Logo2.png\",\"width\":1000,\"height\":1000,\"caption\":\"Calm Resort Hertelend\"},\"image\":{\"@id\":\"https:\/\/calmresort.hu\/#\/schema\/logo\/image\/\"},\"sameAs\":[\"https:\/\/www.facebook.com\/CalmResortHertelend\",\"https:\/\/www.instagram.com\/calmresorthertelend\/\"],\"publishingPrinciples\":\"https:\/\/calmresort.hu\/informaciok\/hazirend\/\",\"ownershipFundingInfo\":\"https:\/\/calmresort.hu\/informaciok\/\",\"actionableFeedbackPolicy\":\"https:\/\/calmresort.hu\/altalanos-szerzodesi-feltetelek\/\"}]}<\/script>\n<!-- \/ Yoast SEO Premium plugin. -->","yoast_head_json":{"title":"Le\u00e1ny- \u00e9s Leg\u00e9nyb\u00facs\u00fak | Calm Resort Hertelend","robots":{"index":"index","follow":"follow","max-snippet":"max-snippet:-1","max-image-preview":"max-image-preview:large","max-video-preview":"max-video-preview:-1"},"canonical":"https:\/\/calmresort.hu\/en\/leany-es-legenybucsuk\/","og_locale":"en_US","og_type":"article","og_title":"Le\u00e1ny- \u00e9s Leg\u00e9nyb\u00facs\u00fak","og_description":"Le\u00e1ny- \u00e9s Leg\u00e9nyb\u00facs\u00fak Kedves Vend\u00e9geink! Az ut\u00f3bbi id\u0151ben egyre t\u00f6bb vend\u00e9g\u00fcnk szervez sz\u00e1ll\u00e1sunkon le\u00e1ny- vagy leg\u00e9nyb\u00facs\u00fat, illetve nagyobb hanggal j\u00e1r\u00f3 \u00f6sszej\u00f6vetelt. \u00d6r\u00fcl\u00fcnk annak, ha \u00e9letetek fontos pillanatait n\u00e1lunk \u00fcnneplitek, ugyanakkor szeretn\u00e9nk biztos\u00edtani minden vend\u00e9g\u00fcnk sz\u00e1m\u00e1ra a zavartalan pihen\u00e9st \u00e9s nyugalmat. Ez\u00e9rt felh\u00edvjuk figyelmeteket, hogy: \u2705 Bulik, le\u00e1ny- vagy leg\u00e9nyb\u00facs\u00fak, illetve b\u00e1rmilyen nagyobb hanghat\u00e1ssal j\u00e1r\u00f3 esem\u00e9ny [&hellip;]","og_url":"https:\/\/calmresort.hu\/en\/leany-es-legenybucsuk\/","og_site_name":"Calm Resort Hertelend","article_publisher":"https:\/\/www.facebook.com\/CalmResortHertelend","article_modified_time":"2025-07-13T15:37:47+00:00","og_image":[{"width":1000,"height":1000,"url":"https:\/\/calmresort.hu\/wp-content\/uploads\/2023\/09\/CR_Logo2.webp","type":"image\/webp"}],"twitter_card":"summary_large_image","twitter_misc":{"Est. reading time":"1 minute"},"schema":{"@context":"https:\/\/schema.org","@graph":[{"@type":"WebPage","@id":"https:\/\/calmresort.hu\/leany-es-legenybucsuk\/","url":"https:\/\/calmresort.hu\/leany-es-legenybucsuk\/","name":"Le\u00e1ny- \u00e9s Leg\u00e9nyb\u00facs\u00fak | Calm Resort Hertelend","isPartOf":{"@id":"https:\/\/calmresort.hu\/#website"},"datePublished":"2025-07-13T14:49:47+00:00","dateModified":"2025-07-13T15:37:47+00:00","breadcrumb":{"@id":"https:\/\/calmresort.hu\/leany-es-legenybucsuk\/#breadcrumb"},"inLanguage":"en-US","potentialAction":[{"@type":"ReadAction","target":["https:\/\/calmresort.hu\/leany-es-legenybucsuk\/"]}]},{"@type":"BreadcrumbList","@id":"https:\/\/calmresort.hu\/leany-es-legenybucsuk\/#breadcrumb","itemListElement":[{"@type":"ListItem","position":1,"name":"Kezd\u0151lap","item":"https:\/\/calmresort.hu\/"},{"@type":"ListItem","position":2,"name":"Le\u00e1ny- \u00e9s Leg\u00e9nyb\u00facs\u00fak"}]},{"@type":"WebSite","@id":"https:\/\/calmresort.hu\/#website","url":"https:\/\/calmresort.hu\/","name":"Calm Resort Hertelend","description":"Erd\u0151sz\u00e9li nyugalom \u00e9s wellness a Mecsek l\u00e1b\u00e1n\u00e1l.","publisher":{"@id":"https:\/\/calmresort.hu\/#organization"},"alternateName":"Csal\u00e1di apartmanok","potentialAction":[{"@type":"SearchAction","target":{"@type":"EntryPoint","urlTemplate":"https:\/\/calmresort.hu\/?s={search_term_string}"},"query-input":{"@type":"PropertyValueSpecification","valueRequired":true,"valueName":"search_term_string"}}],"inLanguage":"en-US"},{"@type":"Organization","@id":"https:\/\/calmresort.hu\/#organization","name":"Calm Resort Hertelend","url":"https:\/\/calmresort.hu\/","logo":{"@type":"ImageObject","inLanguage":"en-US","@id":"https:\/\/calmresort.hu\/#\/schema\/logo\/image\/","url":"https:\/\/calmresort.hu\/wp-content\/uploads\/2024\/01\/CR_Logo2.png","contentUrl":"https:\/\/calmresort.hu\/wp-content\/uploads\/2024\/01\/CR_Logo2.png","width":1000,"height":1000,"caption":"Calm Resort Hertelend"},"image":{"@id":"https:\/\/calmresort.hu\/#\/schema\/logo\/image\/"},"sameAs":["https:\/\/www.facebook.com\/CalmResortHertelend","https:\/\/www.instagram.com\/calmresorthertelend\/"],"publishingPrinciples":"https:\/\/calmresort.hu\/informaciok\/hazirend\/","ownershipFundingInfo":"https:\/\/calmresort.hu\/informaciok\/","actionableFeedbackPolicy":"https:\/\/calmresort.hu\/altalanos-szerzodesi-feltetelek\/"}]}},"_links":{"self":[{"href":"https:\/\/calmresort.hu\/en\/wp-json\/wp\/v2\/pages\/5676","targetHints":{"allow":["GET"]}}],"collection":[{"href":"https:\/\/calmresort.hu\/en\/wp-json\/wp\/v2\/pages"}],"about":[{"href":"https:\/\/calmresort.hu\/en\/wp-json\/wp\/v2\/types\/page"}],"author":[{"embeddable":true,"href":"https:\/\/calmresort.hu\/en\/wp-json\/wp\/v2\/users\/4"}],"replies":[{"embeddable":true,"href":"https:\/\/calmresort.hu\/en\/wp-json\/wp\/v2\/comments?post=5676"}],"version-history":[{"count":26,"href":"https:\/\/calmresort.hu\/en\/wp-json\/wp\/v2\/pages\/5676\/revisions"}],"predecessor-version":[{"id":5706,"href":"https:\/\/calmresort.hu\/en\/wp-json\/wp\/v2\/pages\/5676\/revisions\/5706"}],"wp:attachment":[{"href":"https:\/\/calmresort.hu\/en\/wp-json\/wp\/v2\/media?parent=5676"}],"curies":[{"name":"wp","href":"https:\/\/api.w.org\/{rel}","templated":true}]}}